{"id":25716,"date":"2025-11-13T11:59:26","date_gmt":"2025-11-13T10:59:26","guid":{"rendered":"https:\/\/elum-energy.com\/?page_id=25716"},"modified":"2026-02-12T12:52:18","modified_gmt":"2026-02-12T11:52:18","slug":"blueprint-list","status":"publish","type":"page","link":"https:\/\/elum-energy.com\/es\/blueprint-list\/","title":{"rendered":"Blueprint List"},"content":{"rendered":"\t\t<div data-elementor-type=\"wp-page\" data-elementor-id=\"25716\" class=\"elementor elementor-25716 elementor-25509\" data-elementor-post-type=\"page\">\n\t\t\t\t<div class=\"elementor-element elementor-element-30c0fc1 bg_color e-flex e-con-boxed e-con e-parent\" data-id=\"30c0fc1\" data-element_type=\"container\" data-e-type=\"container\" data-settings=\"{&quot;background_background&quot;:&quot;classic&quot;}\">\n\t\t\t\t\t<div class=\"e-con-inner\">\n\t\t<div class=\"elementor-element elementor-element-827350d e-con-full e-flex e-con e-child\" data-id=\"827350d\" data-element_type=\"container\" data-e-type=\"container\">\n\t\t\t\t<div class=\"elementor-element elementor-element-f1a4108 titre_2_center elementor-widget elementor-widget-heading\" data-id=\"f1a4108\" data-element_type=\"widget\" data-e-type=\"widget\" data-widget_type=\"heading.default\">\n\t\t\t\t<div class=\"elementor-widget-container\">\n\t\t\t\t\t<h1 class=\"elementor-heading-title elementor-size-default\">Explore la Biblioteca de Planos para Dispositivos Compatibles<\/h1>\t\t\t\t<\/div>\n\t\t\t\t<\/div>\n\t\t\t\t<div class=\"elementor-element elementor-element-8dda4ff elementor-widget elementor-widget-text-editor\" data-id=\"8dda4ff\" data-element_type=\"widget\" data-e-type=\"widget\" data-widget_type=\"text-editor.default\">\n\t\t\t\t<div class=\"elementor-widget-container\">\n\t\t\t\t\t\t\t\t\t<p style=\"text-align: center;\">Explore nuestra colecci\u00f3n de planos validados organizados por tipo <strong>de dispositivo, fabricante, protocolo de comunicaci\u00f3n o tipo de dispositivo<\/strong>. Cada plano proporciona los detalles de configuraci\u00f3n necesarios para garantizar una integraci\u00f3n fluida con los controladores Elum.<\/p><p style=\"text-align: center;\">Si falta alg\u00fan plano, puede\u00a0<a href=\"#request\"><strong>enviar una solicitud<\/strong><\/a>, y nuestro equipo lo revisar\u00e1 para incluirlo.<\/p>\t\t\t\t\t\t\t\t<\/div>\n\t\t\t\t<\/div>\n\t\t<div class=\"elementor-element elementor-element-5eeda24 e-con-full e-flex e-con e-child\" data-id=\"5eeda24\" data-element_type=\"container\" data-e-type=\"container\">\n\t\t\t\t<div class=\"elementor-element elementor-element-ead9887 btn_color1_noir_v2 elementor-widget elementor-widget-button\" data-id=\"ead9887\" data-element_type=\"widget\" data-e-type=\"widget\" data-widget_type=\"button.default\">\n\t\t\t\t<div class=\"elementor-widget-container\">\n\t\t\t\t\t\t\t\t\t<div class=\"elementor-button-wrapper\">\n\t\t\t\t\t<a class=\"elementor-button elementor-button-link elementor-size-sm\" href=\"https:\/\/elum-energy.com\/es\/compatibility\/\">\n\t\t\t\t\t\t<span class=\"elementor-button-content-wrapper\">\n\t\t\t\t\t\t\t\t\t<span class=\"elementor-button-text\">Evaluator de compatibilidad<\/span>\n\t\t\t\t\t<\/span>\n\t\t\t\t\t<\/a>\n\t\t\t\t<\/div>\n\t\t\t\t\t\t\t\t<\/div>\n\t\t\t\t<\/div>\n\t\t\t\t<div class=\"elementor-element elementor-element-446bcbe btn_color1_noir_v2 elementor-widget elementor-widget-button\" data-id=\"446bcbe\" data-element_type=\"widget\" data-e-type=\"widget\" data-widget_type=\"button.default\">\n\t\t\t\t<div class=\"elementor-widget-container\">\n\t\t\t\t\t\t\t\t\t<div class=\"elementor-button-wrapper\">\n\t\t\t\t\t<a class=\"elementor-button elementor-button-link elementor-size-sm\" href=\"https:\/\/elum-energy.com\/es\/controlador-planta-solar\/\">\n\t\t\t\t\t\t<span class=\"elementor-button-content-wrapper\">\n\t\t\t\t\t\t\t\t\t<span class=\"elementor-button-text\">Explora productos<\/span>\n\t\t\t\t\t<\/span>\n\t\t\t\t\t<\/a>\n\t\t\t\t<\/div>\n\t\t\t\t\t\t\t\t<\/div>\n\t\t\t\t<\/div>\n\t\t\t\t<\/div>\n\t\t\t\t<\/div>\n\t\t\t\t\t<\/div>\n\t\t\t\t<\/div>\n\t\t<div class=\"elementor-element elementor-element-4b022dc e-flex e-con-boxed e-con e-parent\" data-id=\"4b022dc\" data-element_type=\"container\" data-e-type=\"container\">\n\t\t\t\t\t<div class=\"e-con-inner\">\n\t\t\t\t<div class=\"elementor-element elementor-element-2d06b42 elementor-widget elementor-widget-html\" data-id=\"2d06b42\" data-element_type=\"widget\" data-e-type=\"widget\" data-widget_type=\"html.default\">\n\t\t\t\t<div class=\"elementor-widget-container\">\n\t\t\t\t\t<table id=\"compatibility_table\" class=\"display\" style=\"width:100%\">\n           <thead>\n            <tr>\n                <th>Manufacturer<\/th>\n                <th>Reference<\/th>\n                <th>Communication Protocol<\/th>\n                <th>Device type<\/th>\n                <th>Dependencies<\/th>\n            <\/tr>\n        <\/thead>\n    <\/table>\t\t\t\t<\/div>\n\t\t\t\t<\/div>\n\t\t\t\t<div class=\"elementor-element elementor-element-6b6cf3c elementor-widget elementor-widget-menu-anchor\" data-id=\"6b6cf3c\" data-element_type=\"widget\" data-e-type=\"widget\" data-widget_type=\"menu-anchor.default\">\n\t\t\t\t<div class=\"elementor-widget-container\">\n\t\t\t\t\t\t\t<div class=\"elementor-menu-anchor\" id=\"request\"><\/div>\n\t\t\t\t\t\t<\/div>\n\t\t\t\t<\/div>\n\t\t\t\t\t<\/div>\n\t\t\t\t<\/div>\n\t\t<div class=\"elementor-element elementor-element-e619604 e-flex e-con-boxed e-con e-parent\" data-id=\"e619604\" data-element_type=\"container\" data-e-type=\"container\">\n\t\t\t\t\t<div class=\"e-con-inner\">\n\t\t<div class=\"elementor-element elementor-element-3a81e7a e-con-full img_rad_shadow e-flex e-con e-child\" data-id=\"3a81e7a\" data-element_type=\"container\" data-e-type=\"container\">\n\t\t\t\t<div class=\"elementor-element elementor-element-a3ed60f img_shadow elementor-widget elementor-widget-image\" data-id=\"a3ed60f\" data-element_type=\"widget\" data-e-type=\"widget\" data-widget_type=\"image.default\">\n\t\t\t\t<div class=\"elementor-widget-container\">\n\t\t\t\t\t\t\t\t\t\t\t\t\t\t\t<img fetchpriority=\"high\" decoding=\"async\" width=\"575\" height=\"400\" src=\"https:\/\/d35i2jmb7zupgz.cloudfront.net\/wp-content\/uploads\/2023\/09\/no-reference.jpg\" class=\"attachment-large size-large wp-image-2122\" alt=\"\" srcset=\"https:\/\/d35i2jmb7zupgz.cloudfront.net\/wp-content\/uploads\/2023\/09\/no-reference.jpg 575w, https:\/\/d35i2jmb7zupgz.cloudfront.net\/wp-content\/uploads\/2023\/09\/no-reference-330x230.jpg 330w\" sizes=\"(max-width: 575px) 100vw, 575px\" \/>\t\t\t\t\t\t\t\t\t\t\t\t\t\t\t<\/div>\n\t\t\t\t<\/div>\n\t\t\t\t<\/div>\n\t\t<div class=\"elementor-element elementor-element-190c8b0 e-con-full bloc_gris1 e-flex e-con e-child\" data-id=\"190c8b0\" data-element_type=\"container\" data-e-type=\"container\">\n\t\t\t\t<div class=\"elementor-element elementor-element-96918c5 titre_2_noline elementor-widget__width-initial elementor-widget elementor-widget-heading\" data-id=\"96918c5\" data-element_type=\"widget\" data-e-type=\"widget\" data-widget_type=\"heading.default\">\n\t\t\t\t<div class=\"elementor-widget-container\">\n\t\t\t\t\t<h2 class=\"elementor-heading-title elementor-size-default\">\u00bfNo has encontrado tu referencia en la lista?<\/h2>\t\t\t\t<\/div>\n\t\t\t\t<\/div>\n\t\t\t\t<div class=\"elementor-element elementor-element-7ea367e elementor-widget elementor-widget-text-editor\" data-id=\"7ea367e\" data-element_type=\"widget\" data-e-type=\"widget\" data-widget_type=\"text-editor.default\">\n\t\t\t\t<div class=\"elementor-widget-container\">\n\t\t\t\t\t\t\t\t\t<p>\u00a1Env\u00edenos la informaci\u00f3n sobre su equipo y estaremos encantados de ayudarle!<\/p>\t\t\t\t\t\t\t\t<\/div>\n\t\t\t\t<\/div>\n\t\t\t\t<div class=\"elementor-element elementor-element-07cac1d btn_noir_border_gris1 elementor-widget elementor-widget-button\" data-id=\"07cac1d\" data-element_type=\"widget\" data-e-type=\"widget\" data-widget_type=\"button.default\">\n\t\t\t\t<div class=\"elementor-widget-container\">\n\t\t\t\t\t\t\t\t\t<div class=\"elementor-button-wrapper\">\n\t\t\t\t\t<a class=\"elementor-button elementor-button-link elementor-size-sm\" href=\"https:\/\/share.hsforms.com\/1b_iMXQG2Tsum5YzlQaqiBw2dcf1\" target=\"_blank\">\n\t\t\t\t\t\t<span class=\"elementor-button-content-wrapper\">\n\t\t\t\t\t\t\t\t\t<span class=\"elementor-button-text\">A\u00f1ade tu equipo<\/span>\n\t\t\t\t\t<\/span>\n\t\t\t\t\t<\/a>\n\t\t\t\t<\/div>\n\t\t\t\t\t\t\t\t<\/div>\n\t\t\t\t<\/div>\n\t\t\t\t<\/div>\n\t\t\t\t\t<\/div>\n\t\t\t\t<\/div>\n\t\t\t\t<\/div>\n\t\t","protected":false},"excerpt":{"rendered":"<p>Explore la Biblioteca de Planos para Dispositivos Compatibles Explore nuestra colecci\u00f3n de planos validados organizados por tipo de dispositivo, fabricante, protocolo de comunicaci\u00f3n o tipo de dispositivo. Cada plano proporciona los detalles de configuraci\u00f3n necesarios para garantizar una integraci\u00f3n fluida con los controladores Elum. Si falta alg\u00fan plano, puede\u00a0enviar una solicitud, y nuestro equipo lo [&hellip;]<\/p>\n","protected":false},"author":10,"featured_media":0,"parent":0,"menu_order":0,"comment_status":"closed","ping_status":"closed","template":"","meta":{"_acf_changed":false,"content-type":"","inline_featured_image":false,"footnotes":""},"class_list":["post-25716","page","type-page","status-publish","hentry"],"acf":[],"yoast_head":"<!-- This site is optimized with the Yoast SEO plugin v27.3 - https:\/\/yoast.com\/product\/yoast-seo-wordpress\/ -->\n<title>Blueprint List - Elum<\/title>\n<meta name=\"description\" content=\"Explore nuestra biblioteca de planos verificados, organizados por tipo de dispositivo, fabricante o protocolo, y aseg\u00farese una integraci\u00f3n perfecta con los sistemas de Elum Energy.\" \/>\n<meta name=\"robots\" content=\"index, follow, max-snippet:-1, max-image-preview:large, max-video-preview:-1\" \/>\n<link rel=\"canonical\" href=\"https:\/\/elum-energy.com\/es\/blueprint-list\/\" \/>\n<meta property=\"og:locale\" content=\"es_ES\" \/>\n<meta property=\"og:type\" content=\"article\" \/>\n<meta property=\"og:title\" content=\"Blueprint List - Elum\" \/>\n<meta property=\"og:description\" content=\"Explore nuestra biblioteca de planos verificados, organizados por tipo de dispositivo, fabricante o protocolo, y aseg\u00farese una integraci\u00f3n perfecta con los sistemas de Elum Energy.\" \/>\n<meta property=\"og:url\" content=\"https:\/\/elum-energy.com\/es\/blueprint-list\/\" \/>\n<meta property=\"og:site_name\" content=\"Elum\" \/>\n<meta property=\"article:modified_time\" content=\"2026-02-12T11:52:18+00:00\" \/>\n<meta property=\"og:image\" content=\"https:\/\/elum-energy.com\/wp-content\/uploads\/2023\/09\/no-reference.jpg\" \/>\n<meta name=\"twitter:card\" content=\"summary_large_image\" \/>\n<meta name=\"twitter:label1\" content=\"Tiempo de lectura\" \/>\n\t<meta name=\"twitter:data1\" content=\"1 minuto\" \/>\n<script type=\"application\/ld+json\" class=\"yoast-schema-graph\">{\"@context\":\"https:\\\/\\\/schema.org\",\"@graph\":[{\"@type\":\"WebPage\",\"@id\":\"https:\\\/\\\/elum-energy.com\\\/es\\\/blueprint-list\\\/\",\"url\":\"https:\\\/\\\/elum-energy.com\\\/es\\\/blueprint-list\\\/\",\"name\":\"Blueprint List - Elum\",\"isPartOf\":{\"@id\":\"https:\\\/\\\/elum-energy.com\\\/es\\\/#website\"},\"primaryImageOfPage\":{\"@id\":\"https:\\\/\\\/elum-energy.com\\\/es\\\/blueprint-list\\\/#primaryimage\"},\"image\":{\"@id\":\"https:\\\/\\\/elum-energy.com\\\/es\\\/blueprint-list\\\/#primaryimage\"},\"thumbnailUrl\":\"https:\\\/\\\/elum-energy.com\\\/wp-content\\\/uploads\\\/2023\\\/09\\\/no-reference.jpg\",\"datePublished\":\"2025-11-13T10:59:26+00:00\",\"dateModified\":\"2026-02-12T11:52:18+00:00\",\"description\":\"Explore nuestra biblioteca de planos verificados, organizados por tipo de dispositivo, fabricante o protocolo, y aseg\u00farese una integraci\u00f3n perfecta con los sistemas de Elum Energy.\",\"breadcrumb\":{\"@id\":\"https:\\\/\\\/elum-energy.com\\\/es\\\/blueprint-list\\\/#breadcrumb\"},\"inLanguage\":\"es\",\"potentialAction\":[{\"@type\":\"ReadAction\",\"target\":[\"https:\\\/\\\/elum-energy.com\\\/es\\\/blueprint-list\\\/\"]}]},{\"@type\":\"ImageObject\",\"inLanguage\":\"es\",\"@id\":\"https:\\\/\\\/elum-energy.com\\\/es\\\/blueprint-list\\\/#primaryimage\",\"url\":\"https:\\\/\\\/elum-energy.com\\\/wp-content\\\/uploads\\\/2023\\\/09\\\/no-reference.jpg\",\"contentUrl\":\"https:\\\/\\\/elum-energy.com\\\/wp-content\\\/uploads\\\/2023\\\/09\\\/no-reference.jpg\"},{\"@type\":\"BreadcrumbList\",\"@id\":\"https:\\\/\\\/elum-energy.com\\\/es\\\/blueprint-list\\\/#breadcrumb\",\"itemListElement\":[{\"@type\":\"ListItem\",\"position\":1,\"name\":\"Homepage\",\"item\":\"https:\\\/\\\/elum-energy.com\\\/es\\\/\"},{\"@type\":\"ListItem\",\"position\":2,\"name\":\"Blueprint List\"}]},{\"@type\":\"WebSite\",\"@id\":\"https:\\\/\\\/elum-energy.com\\\/es\\\/#website\",\"url\":\"https:\\\/\\\/elum-energy.com\\\/es\\\/\",\"name\":\"Elum\",\"description\":\"Un site utilisant WordPress\",\"publisher\":{\"@id\":\"https:\\\/\\\/elum-energy.com\\\/es\\\/#organization\"},\"potentialAction\":[{\"@type\":\"SearchAction\",\"target\":{\"@type\":\"EntryPoint\",\"urlTemplate\":\"https:\\\/\\\/elum-energy.com\\\/es\\\/?s={search_term_string}\"},\"query-input\":{\"@type\":\"PropertyValueSpecification\",\"valueRequired\":true,\"valueName\":\"search_term_string\"}}],\"inLanguage\":\"es\"},{\"@type\":\"Organization\",\"@id\":\"https:\\\/\\\/elum-energy.com\\\/es\\\/#organization\",\"name\":\"Elum\",\"url\":\"https:\\\/\\\/elum-energy.com\\\/es\\\/\",\"logo\":{\"@type\":\"ImageObject\",\"inLanguage\":\"es\",\"@id\":\"https:\\\/\\\/elum-energy.com\\\/es\\\/#\\\/schema\\\/logo\\\/image\\\/\",\"url\":\"https:\\\/\\\/d35i2jmb7zupgz.cloudfront.net\\\/wp-content\\\/uploads\\\/2023\\\/09\\\/elum-logo.svg\",\"contentUrl\":\"https:\\\/\\\/d35i2jmb7zupgz.cloudfront.net\\\/wp-content\\\/uploads\\\/2023\\\/09\\\/elum-logo.svg\",\"caption\":\"Elum\"},\"image\":{\"@id\":\"https:\\\/\\\/elum-energy.com\\\/es\\\/#\\\/schema\\\/logo\\\/image\\\/\"}}]}<\/script>\n<!-- \/ Yoast SEO plugin. -->","yoast_head_json":{"title":"Blueprint List - Elum","description":"Explore nuestra biblioteca de planos verificados, organizados por tipo de dispositivo, fabricante o protocolo, y aseg\u00farese una integraci\u00f3n perfecta con los sistemas de Elum Energy.","robots":{"index":"index","follow":"follow","max-snippet":"max-snippet:-1","max-image-preview":"max-image-preview:large","max-video-preview":"max-video-preview:-1"},"canonical":"https:\/\/elum-energy.com\/es\/blueprint-list\/","og_locale":"es_ES","og_type":"article","og_title":"Blueprint List - Elum","og_description":"Explore nuestra biblioteca de planos verificados, organizados por tipo de dispositivo, fabricante o protocolo, y aseg\u00farese una integraci\u00f3n perfecta con los sistemas de Elum Energy.","og_url":"https:\/\/elum-energy.com\/es\/blueprint-list\/","og_site_name":"Elum","article_modified_time":"2026-02-12T11:52:18+00:00","og_image":[{"url":"https:\/\/elum-energy.com\/wp-content\/uploads\/2023\/09\/no-reference.jpg","type":"","width":"","height":""}],"twitter_card":"summary_large_image","twitter_misc":{"Tiempo de lectura":"1 minuto"},"schema":{"@context":"https:\/\/schema.org","@graph":[{"@type":"WebPage","@id":"https:\/\/elum-energy.com\/es\/blueprint-list\/","url":"https:\/\/elum-energy.com\/es\/blueprint-list\/","name":"Blueprint List - Elum","isPartOf":{"@id":"https:\/\/elum-energy.com\/es\/#website"},"primaryImageOfPage":{"@id":"https:\/\/elum-energy.com\/es\/blueprint-list\/#primaryimage"},"image":{"@id":"https:\/\/elum-energy.com\/es\/blueprint-list\/#primaryimage"},"thumbnailUrl":"https:\/\/elum-energy.com\/wp-content\/uploads\/2023\/09\/no-reference.jpg","datePublished":"2025-11-13T10:59:26+00:00","dateModified":"2026-02-12T11:52:18+00:00","description":"Explore nuestra biblioteca de planos verificados, organizados por tipo de dispositivo, fabricante o protocolo, y aseg\u00farese una integraci\u00f3n perfecta con los sistemas de Elum Energy.","breadcrumb":{"@id":"https:\/\/elum-energy.com\/es\/blueprint-list\/#breadcrumb"},"inLanguage":"es","potentialAction":[{"@type":"ReadAction","target":["https:\/\/elum-energy.com\/es\/blueprint-list\/"]}]},{"@type":"ImageObject","inLanguage":"es","@id":"https:\/\/elum-energy.com\/es\/blueprint-list\/#primaryimage","url":"https:\/\/elum-energy.com\/wp-content\/uploads\/2023\/09\/no-reference.jpg","contentUrl":"https:\/\/elum-energy.com\/wp-content\/uploads\/2023\/09\/no-reference.jpg"},{"@type":"BreadcrumbList","@id":"https:\/\/elum-energy.com\/es\/blueprint-list\/#breadcrumb","itemListElement":[{"@type":"ListItem","position":1,"name":"Homepage","item":"https:\/\/elum-energy.com\/es\/"},{"@type":"ListItem","position":2,"name":"Blueprint List"}]},{"@type":"WebSite","@id":"https:\/\/elum-energy.com\/es\/#website","url":"https:\/\/elum-energy.com\/es\/","name":"Elum","description":"Un site utilisant WordPress","publisher":{"@id":"https:\/\/elum-energy.com\/es\/#organization"},"potentialAction":[{"@type":"SearchAction","target":{"@type":"EntryPoint","urlTemplate":"https:\/\/elum-energy.com\/es\/?s={search_term_string}"},"query-input":{"@type":"PropertyValueSpecification","valueRequired":true,"valueName":"search_term_string"}}],"inLanguage":"es"},{"@type":"Organization","@id":"https:\/\/elum-energy.com\/es\/#organization","name":"Elum","url":"https:\/\/elum-energy.com\/es\/","logo":{"@type":"ImageObject","inLanguage":"es","@id":"https:\/\/elum-energy.com\/es\/#\/schema\/logo\/image\/","url":"https:\/\/d35i2jmb7zupgz.cloudfront.net\/wp-content\/uploads\/2023\/09\/elum-logo.svg","contentUrl":"https:\/\/d35i2jmb7zupgz.cloudfront.net\/wp-content\/uploads\/2023\/09\/elum-logo.svg","caption":"Elum"},"image":{"@id":"https:\/\/elum-energy.com\/es\/#\/schema\/logo\/image\/"}}]}},"_links":{"self":[{"href":"https:\/\/elum-energy.com\/es\/wp-json\/wp\/v2\/pages\/25716","targetHints":{"allow":["GET"]}}],"collection":[{"href":"https:\/\/elum-energy.com\/es\/wp-json\/wp\/v2\/pages"}],"about":[{"href":"https:\/\/elum-energy.com\/es\/wp-json\/wp\/v2\/types\/page"}],"author":[{"embeddable":true,"href":"https:\/\/elum-energy.com\/es\/wp-json\/wp\/v2\/users\/10"}],"replies":[{"embeddable":true,"href":"https:\/\/elum-energy.com\/es\/wp-json\/wp\/v2\/comments?post=25716"}],"version-history":[{"count":18,"href":"https:\/\/elum-energy.com\/es\/wp-json\/wp\/v2\/pages\/25716\/revisions"}],"predecessor-version":[{"id":30461,"href":"https:\/\/elum-energy.com\/es\/wp-json\/wp\/v2\/pages\/25716\/revisions\/30461"}],"wp:attachment":[{"href":"https:\/\/elum-energy.com\/es\/wp-json\/wp\/v2\/media?parent=25716"}],"curies":[{"name":"wp","href":"https:\/\/api.w.org\/{rel}","templated":true}]}}