{"id":8754,"date":"2023-09-13T14:11:57","date_gmt":"2023-09-13T12:11:57","guid":{"rendered":"https:\/\/elum-energy.com\/compatibility\/"},"modified":"2026-02-12T12:51:10","modified_gmt":"2026-02-12T11:51:10","slug":"compatibility","status":"publish","type":"page","link":"https:\/\/elum-energy.com\/es\/compatibility\/","title":{"rendered":"Compatibilidad"},"content":{"rendered":"\t\t<div data-elementor-type=\"wp-page\" data-elementor-id=\"8754\" class=\"elementor elementor-8754 elementor-2040\" data-elementor-post-type=\"page\">\n\t\t\t\t<div class=\"elementor-element elementor-element-2cabd8a bg_color e-flex e-con-boxed e-con e-parent\" data-id=\"2cabd8a\" data-element_type=\"container\" data-e-type=\"container\" data-settings=\"{&quot;background_background&quot;:&quot;classic&quot;}\">\n\t\t\t\t\t<div class=\"e-con-inner\">\n\t\t<div class=\"elementor-element elementor-element-714c80e e-con-full e-flex e-con e-child\" data-id=\"714c80e\" data-element_type=\"container\" data-e-type=\"container\">\n\t\t\t\t<div class=\"elementor-element elementor-element-3058a4e titre_2_center elementor-widget elementor-widget-heading\" data-id=\"3058a4e\" data-element_type=\"widget\" data-e-type=\"widget\" data-widget_type=\"heading.default\">\n\t\t\t\t<div class=\"elementor-widget-container\">\n\t\t\t\t\t<h1 class=\"elementor-heading-title elementor-size-default\">Comprueba si tus dispositivos son compatibles con nuestras soluciones<\/h1>\t\t\t\t<\/div>\n\t\t\t\t<\/div>\n\t\t\t\t<div class=\"elementor-element elementor-element-354acdd elementor-widget elementor-widget-text-editor\" data-id=\"354acdd\" data-element_type=\"widget\" data-e-type=\"widget\" data-widget_type=\"text-editor.default\">\n\t\t\t\t<div class=\"elementor-widget-container\">\n\t\t\t\t\t\t\t\t\t<p style=\"text-align: center;\">Introduce el tipo de dispositivo, adem\u00e1s del fabricante o la referencia, en el campo de b\u00fasqueda.<\/p>\n<p><\/p>\n<p style=\"text-align: center;\">\n\t\t\t\t\t\t\t\t<\/div>\n\t\t\t\t<\/div>\n\t\t<div class=\"elementor-element elementor-element-c4ff863 e-con-full e-flex e-con e-child\" data-id=\"c4ff863\" data-element_type=\"container\" data-e-type=\"container\">\n\t\t\t\t<div class=\"elementor-element elementor-element-84e4127 btn_color1_noir_v2 elementor-widget elementor-widget-button\" data-id=\"84e4127\" data-element_type=\"widget\" data-e-type=\"widget\" data-widget_type=\"button.default\">\n\t\t\t\t<div class=\"elementor-widget-container\">\n\t\t\t\t\t\t\t\t\t<div class=\"elementor-button-wrapper\">\n\t\t\t\t\t<a class=\"elementor-button elementor-button-link elementor-size-sm\" href=\"https:\/\/elum-energy.com\/es\/blueprint-list\/\">\n\t\t\t\t\t\t<span class=\"elementor-button-content-wrapper\">\n\t\t\t\t\t\t\t\t\t<span class=\"elementor-button-text\">Consulte los planos<\/span>\n\t\t\t\t\t<\/span>\n\t\t\t\t\t<\/a>\n\t\t\t\t<\/div>\n\t\t\t\t\t\t\t\t<\/div>\n\t\t\t\t<\/div>\n\t\t\t\t<div class=\"elementor-element elementor-element-e1c8534 btn_color1_noir_v2 elementor-widget elementor-widget-button\" data-id=\"e1c8534\" data-element_type=\"widget\" data-e-type=\"widget\" data-widget_type=\"button.default\">\n\t\t\t\t<div class=\"elementor-widget-container\">\n\t\t\t\t\t\t\t\t\t<div class=\"elementor-button-wrapper\">\n\t\t\t\t\t<a class=\"elementor-button elementor-button-link elementor-size-sm\" href=\"https:\/\/elum-energy.com\/es\/controlador-planta-solar\/\">\n\t\t\t\t\t\t<span class=\"elementor-button-content-wrapper\">\n\t\t\t\t\t\t\t\t\t<span class=\"elementor-button-text\">Explora productos<\/span>\n\t\t\t\t\t<\/span>\n\t\t\t\t\t<\/a>\n\t\t\t\t<\/div>\n\t\t\t\t\t\t\t\t<\/div>\n\t\t\t\t<\/div>\n\t\t\t\t<\/div>\n\t\t\t\t<\/div>\n\t\t\t\t\t<\/div>\n\t\t\t\t<\/div>\n\t\t<div class=\"elementor-element elementor-element-292475d e-flex e-con-boxed e-con e-parent\" data-id=\"292475d\" data-element_type=\"container\" data-e-type=\"container\">\n\t\t\t\t\t<div class=\"e-con-inner\">\n\t\t\t\t<div class=\"elementor-element elementor-element-105d6f5 elementor-widget elementor-widget-html\" data-id=\"105d6f5\" data-element_type=\"widget\" data-e-type=\"widget\" data-widget_type=\"html.default\">\n\t\t\t\t<div class=\"elementor-widget-container\">\n\t\t\t\t\t<table id=\"compatibility_table\" class=\"display\" style=\"width:100%\">\r\n           <thead>\r\n            <tr>\r\n                <th>Type<\/th>\r\n                <th>Manufacturer<\/th>\r\n                <th>SERIES<\/th>\r\n                <th>REFERENCE<\/th>\r\n                <th>PROTOCOL<\/th>\r\n            <\/tr>\r\n        <\/thead>\r\n    <\/table>\t\t\t\t<\/div>\n\t\t\t\t<\/div>\n\t\t\t\t\t<\/div>\n\t\t\t\t<\/div>\n\t\t<div class=\"elementor-element elementor-element-097fd9e e-flex e-con-boxed e-con e-parent\" data-id=\"097fd9e\" data-element_type=\"container\" data-e-type=\"container\">\n\t\t\t\t\t<div class=\"e-con-inner\">\n\t\t\t\t<div class=\"elementor-element elementor-element-f0fb2cc elementor-widget elementor-widget-menu-anchor\" data-id=\"f0fb2cc\" data-element_type=\"widget\" data-e-type=\"widget\" data-widget_type=\"menu-anchor.default\">\n\t\t\t\t<div class=\"elementor-widget-container\">\n\t\t\t\t\t\t\t<div class=\"elementor-menu-anchor\" id=\"aade-tu-equipo\"><\/div>\n\t\t\t\t\t\t<\/div>\n\t\t\t\t<\/div>\n\t\t\t\t\t<\/div>\n\t\t\t\t<\/div>\n\t\t<div class=\"elementor-element elementor-element-bbf3e8b e-flex e-con-boxed e-con e-parent\" data-id=\"bbf3e8b\" data-element_type=\"container\" data-e-type=\"container\">\n\t\t\t\t\t<div class=\"e-con-inner\">\n\t\t<div class=\"elementor-element elementor-element-0aea709 e-con-full img_rad_shadow e-flex e-con e-child\" data-id=\"0aea709\" data-element_type=\"container\" data-e-type=\"container\">\n\t\t\t\t<div class=\"elementor-element elementor-element-056eeaa img_shadow elementor-widget elementor-widget-image\" data-id=\"056eeaa\" data-element_type=\"widget\" data-e-type=\"widget\" data-widget_type=\"image.default\">\n\t\t\t\t<div class=\"elementor-widget-container\">\n\t\t\t\t\t\t\t\t\t\t\t\t\t\t\t<img fetchpriority=\"high\" decoding=\"async\" width=\"575\" height=\"400\" src=\"https:\/\/d35i2jmb7zupgz.cloudfront.net\/wp-content\/uploads\/2023\/09\/no-reference.jpg\" class=\"attachment-large size-large wp-image-2122\" alt=\"\" srcset=\"https:\/\/d35i2jmb7zupgz.cloudfront.net\/wp-content\/uploads\/2023\/09\/no-reference.jpg 575w, https:\/\/d35i2jmb7zupgz.cloudfront.net\/wp-content\/uploads\/2023\/09\/no-reference-330x230.jpg 330w\" sizes=\"(max-width: 575px) 100vw, 575px\" \/>\t\t\t\t\t\t\t\t\t\t\t\t\t\t\t<\/div>\n\t\t\t\t<\/div>\n\t\t\t\t<\/div>\n\t\t<div class=\"elementor-element elementor-element-b0f5042 e-con-full bloc_gris1 e-flex e-con e-child\" data-id=\"b0f5042\" data-element_type=\"container\" data-e-type=\"container\">\n\t\t\t\t<div class=\"elementor-element elementor-element-43dc689 titre_2_noline elementor-widget__width-initial elementor-widget elementor-widget-heading\" data-id=\"43dc689\" data-element_type=\"widget\" data-e-type=\"widget\" data-widget_type=\"heading.default\">\n\t\t\t\t<div class=\"elementor-widget-container\">\n\t\t\t\t\t<h2 class=\"elementor-heading-title elementor-size-default\">\u00bfNo has encontrado tu referencia en la lista?<\/h2>\t\t\t\t<\/div>\n\t\t\t\t<\/div>\n\t\t\t\t<div class=\"elementor-element elementor-element-c118873 elementor-widget elementor-widget-text-editor\" data-id=\"c118873\" data-element_type=\"widget\" data-e-type=\"widget\" data-widget_type=\"text-editor.default\">\n\t\t\t\t<div class=\"elementor-widget-container\">\n\t\t\t\t\t\t\t\t\t<p>\u00a1Env\u00edenos la informaci\u00f3n sobre su equipo y estaremos encantados de ayudarle!<\/p>\n\t\t\t\t\t\t\t\t<\/div>\n\t\t\t\t<\/div>\n\t\t\t\t<div class=\"elementor-element elementor-element-d78b16a btn_noir_border_gris1 elementor-widget elementor-widget-button\" data-id=\"d78b16a\" data-element_type=\"widget\" data-e-type=\"widget\" data-widget_type=\"button.default\">\n\t\t\t\t<div class=\"elementor-widget-container\">\n\t\t\t\t\t\t\t\t\t<div class=\"elementor-button-wrapper\">\n\t\t\t\t\t<a class=\"elementor-button elementor-button-link elementor-size-sm\" href=\"https:\/\/share.hsforms.com\/1b_iMXQG2Tsum5YzlQaqiBw2dcf1\" target=\"_blank\">\n\t\t\t\t\t\t<span class=\"elementor-button-content-wrapper\">\n\t\t\t\t\t\t\t\t\t<span class=\"elementor-button-text\">A\u00f1ade tu equipo<\/span>\n\t\t\t\t\t<\/span>\n\t\t\t\t\t<\/a>\n\t\t\t\t<\/div>\n\t\t\t\t\t\t\t\t<\/div>\n\t\t\t\t<\/div>\n\t\t\t\t<\/div>\n\t\t\t\t\t<\/div>\n\t\t\t\t<\/div>\n\t\t\t\t<\/div>\n\t\t","protected":false},"excerpt":{"rendered":"<p>Comprueba si tus dispositivos son compatibles con nuestras soluciones Introduce el tipo de dispositivo, adem\u00e1s del fabricante o la referencia, en el campo de b\u00fasqueda. Consulte los planos Explora productos Type Manufacturer SERIES REFERENCE PROTOCOL \u00bfNo has encontrado tu referencia en la lista? \u00a1Env\u00edenos la informaci\u00f3n sobre su equipo y estaremos encantados de ayudarle! A\u00f1ade [&hellip;]<\/p>\n","protected":false},"author":2,"featured_media":0,"parent":0,"menu_order":0,"comment_status":"closed","ping_status":"closed","template":"","meta":{"_acf_changed":false,"content-type":"","inline_featured_image":false,"footnotes":""},"class_list":["post-8754","page","type-page","status-publish","hentry"],"acf":[],"yoast_head":"<!-- This site is optimized with the Yoast SEO plugin v27.3 - https:\/\/yoast.com\/product\/yoast-seo-wordpress\/ -->\n<title>Compatibilidad con nuestras soluciones - Elum<\/title>\n<meta name=\"description\" content=\"Utilice nuestra herramienta para buscar la compatibilidad por categor\u00eda de dispositivo, fabricante o n\u00famero de modelo.\" \/>\n<meta name=\"robots\" content=\"index, follow, max-snippet:-1, max-image-preview:large, max-video-preview:-1\" \/>\n<link rel=\"canonical\" href=\"https:\/\/elum-energy.com\/es\/compatibility\/\" \/>\n<meta property=\"og:locale\" content=\"es_ES\" \/>\n<meta property=\"og:type\" content=\"article\" \/>\n<meta property=\"og:title\" content=\"Compatibilidad con nuestras soluciones - Elum\" \/>\n<meta property=\"og:description\" content=\"Utilice nuestra herramienta para buscar la compatibilidad por categor\u00eda de dispositivo, fabricante o n\u00famero de modelo.\" \/>\n<meta property=\"og:url\" content=\"https:\/\/elum-energy.com\/es\/compatibility\/\" \/>\n<meta property=\"og:site_name\" content=\"Elum\" \/>\n<meta property=\"article:modified_time\" content=\"2026-02-12T11:51:10+00:00\" \/>\n<meta property=\"og:image\" content=\"https:\/\/d35i2jmb7zupgz.cloudfront.net\/wp-content\/uploads\/2023\/09\/no-reference.jpg\" \/>\n\t<meta property=\"og:image:width\" content=\"575\" \/>\n\t<meta property=\"og:image:height\" content=\"400\" \/>\n\t<meta property=\"og:image:type\" content=\"image\/jpeg\" \/>\n<meta name=\"twitter:card\" content=\"summary_large_image\" \/>\n<meta name=\"twitter:label1\" content=\"Tiempo de lectura\" \/>\n\t<meta name=\"twitter:data1\" content=\"1 minuto\" \/>\n<script type=\"application\/ld+json\" class=\"yoast-schema-graph\">{\"@context\":\"https:\\\/\\\/schema.org\",\"@graph\":[{\"@type\":\"WebPage\",\"@id\":\"https:\\\/\\\/elum-energy.com\\\/es\\\/compatibility\\\/\",\"url\":\"https:\\\/\\\/elum-energy.com\\\/es\\\/compatibility\\\/\",\"name\":\"Compatibilidad con nuestras soluciones - Elum\",\"isPartOf\":{\"@id\":\"https:\\\/\\\/elum-energy.com\\\/es\\\/#website\"},\"primaryImageOfPage\":{\"@id\":\"https:\\\/\\\/elum-energy.com\\\/es\\\/compatibility\\\/#primaryimage\"},\"image\":{\"@id\":\"https:\\\/\\\/elum-energy.com\\\/es\\\/compatibility\\\/#primaryimage\"},\"thumbnailUrl\":\"https:\\\/\\\/elum-energy.com\\\/wp-content\\\/uploads\\\/2023\\\/09\\\/no-reference.jpg\",\"datePublished\":\"2023-09-13T12:11:57+00:00\",\"dateModified\":\"2026-02-12T11:51:10+00:00\",\"description\":\"Utilice nuestra herramienta para buscar la compatibilidad por categor\u00eda de dispositivo, fabricante o n\u00famero de modelo.\",\"breadcrumb\":{\"@id\":\"https:\\\/\\\/elum-energy.com\\\/es\\\/compatibility\\\/#breadcrumb\"},\"inLanguage\":\"es\",\"potentialAction\":[{\"@type\":\"ReadAction\",\"target\":[\"https:\\\/\\\/elum-energy.com\\\/es\\\/compatibility\\\/\"]}]},{\"@type\":\"ImageObject\",\"inLanguage\":\"es\",\"@id\":\"https:\\\/\\\/elum-energy.com\\\/es\\\/compatibility\\\/#primaryimage\",\"url\":\"https:\\\/\\\/elum-energy.com\\\/wp-content\\\/uploads\\\/2023\\\/09\\\/no-reference.jpg\",\"contentUrl\":\"https:\\\/\\\/elum-energy.com\\\/wp-content\\\/uploads\\\/2023\\\/09\\\/no-reference.jpg\"},{\"@type\":\"BreadcrumbList\",\"@id\":\"https:\\\/\\\/elum-energy.com\\\/es\\\/compatibility\\\/#breadcrumb\",\"itemListElement\":[{\"@type\":\"ListItem\",\"position\":1,\"name\":\"Homepage\",\"item\":\"https:\\\/\\\/elum-energy.com\\\/es\\\/\"},{\"@type\":\"ListItem\",\"position\":2,\"name\":\"Compatibilidad\"}]},{\"@type\":\"WebSite\",\"@id\":\"https:\\\/\\\/elum-energy.com\\\/es\\\/#website\",\"url\":\"https:\\\/\\\/elum-energy.com\\\/es\\\/\",\"name\":\"Elum\",\"description\":\"Un site utilisant WordPress\",\"publisher\":{\"@id\":\"https:\\\/\\\/elum-energy.com\\\/es\\\/#organization\"},\"potentialAction\":[{\"@type\":\"SearchAction\",\"target\":{\"@type\":\"EntryPoint\",\"urlTemplate\":\"https:\\\/\\\/elum-energy.com\\\/es\\\/?s={search_term_string}\"},\"query-input\":{\"@type\":\"PropertyValueSpecification\",\"valueRequired\":true,\"valueName\":\"search_term_string\"}}],\"inLanguage\":\"es\"},{\"@type\":\"Organization\",\"@id\":\"https:\\\/\\\/elum-energy.com\\\/es\\\/#organization\",\"name\":\"Elum\",\"url\":\"https:\\\/\\\/elum-energy.com\\\/es\\\/\",\"logo\":{\"@type\":\"ImageObject\",\"inLanguage\":\"es\",\"@id\":\"https:\\\/\\\/elum-energy.com\\\/es\\\/#\\\/schema\\\/logo\\\/image\\\/\",\"url\":\"https:\\\/\\\/d35i2jmb7zupgz.cloudfront.net\\\/wp-content\\\/uploads\\\/2023\\\/09\\\/elum-logo.svg\",\"contentUrl\":\"https:\\\/\\\/d35i2jmb7zupgz.cloudfront.net\\\/wp-content\\\/uploads\\\/2023\\\/09\\\/elum-logo.svg\",\"caption\":\"Elum\"},\"image\":{\"@id\":\"https:\\\/\\\/elum-energy.com\\\/es\\\/#\\\/schema\\\/logo\\\/image\\\/\"}}]}<\/script>\n<!-- \/ Yoast SEO plugin. -->","yoast_head_json":{"title":"Compatibilidad con nuestras soluciones - Elum","description":"Utilice nuestra herramienta para buscar la compatibilidad por categor\u00eda de dispositivo, fabricante o n\u00famero de modelo.","robots":{"index":"index","follow":"follow","max-snippet":"max-snippet:-1","max-image-preview":"max-image-preview:large","max-video-preview":"max-video-preview:-1"},"canonical":"https:\/\/elum-energy.com\/es\/compatibility\/","og_locale":"es_ES","og_type":"article","og_title":"Compatibilidad con nuestras soluciones - Elum","og_description":"Utilice nuestra herramienta para buscar la compatibilidad por categor\u00eda de dispositivo, fabricante o n\u00famero de modelo.","og_url":"https:\/\/elum-energy.com\/es\/compatibility\/","og_site_name":"Elum","article_modified_time":"2026-02-12T11:51:10+00:00","og_image":[{"width":575,"height":400,"url":"https:\/\/d35i2jmb7zupgz.cloudfront.net\/wp-content\/uploads\/2023\/09\/no-reference.jpg","type":"image\/jpeg"}],"twitter_card":"summary_large_image","twitter_misc":{"Tiempo de lectura":"1 minuto"},"schema":{"@context":"https:\/\/schema.org","@graph":[{"@type":"WebPage","@id":"https:\/\/elum-energy.com\/es\/compatibility\/","url":"https:\/\/elum-energy.com\/es\/compatibility\/","name":"Compatibilidad con nuestras soluciones - Elum","isPartOf":{"@id":"https:\/\/elum-energy.com\/es\/#website"},"primaryImageOfPage":{"@id":"https:\/\/elum-energy.com\/es\/compatibility\/#primaryimage"},"image":{"@id":"https:\/\/elum-energy.com\/es\/compatibility\/#primaryimage"},"thumbnailUrl":"https:\/\/elum-energy.com\/wp-content\/uploads\/2023\/09\/no-reference.jpg","datePublished":"2023-09-13T12:11:57+00:00","dateModified":"2026-02-12T11:51:10+00:00","description":"Utilice nuestra herramienta para buscar la compatibilidad por categor\u00eda de dispositivo, fabricante o n\u00famero de modelo.","breadcrumb":{"@id":"https:\/\/elum-energy.com\/es\/compatibility\/#breadcrumb"},"inLanguage":"es","potentialAction":[{"@type":"ReadAction","target":["https:\/\/elum-energy.com\/es\/compatibility\/"]}]},{"@type":"ImageObject","inLanguage":"es","@id":"https:\/\/elum-energy.com\/es\/compatibility\/#primaryimage","url":"https:\/\/elum-energy.com\/wp-content\/uploads\/2023\/09\/no-reference.jpg","contentUrl":"https:\/\/elum-energy.com\/wp-content\/uploads\/2023\/09\/no-reference.jpg"},{"@type":"BreadcrumbList","@id":"https:\/\/elum-energy.com\/es\/compatibility\/#breadcrumb","itemListElement":[{"@type":"ListItem","position":1,"name":"Homepage","item":"https:\/\/elum-energy.com\/es\/"},{"@type":"ListItem","position":2,"name":"Compatibilidad"}]},{"@type":"WebSite","@id":"https:\/\/elum-energy.com\/es\/#website","url":"https:\/\/elum-energy.com\/es\/","name":"Elum","description":"Un site utilisant WordPress","publisher":{"@id":"https:\/\/elum-energy.com\/es\/#organization"},"potentialAction":[{"@type":"SearchAction","target":{"@type":"EntryPoint","urlTemplate":"https:\/\/elum-energy.com\/es\/?s={search_term_string}"},"query-input":{"@type":"PropertyValueSpecification","valueRequired":true,"valueName":"search_term_string"}}],"inLanguage":"es"},{"@type":"Organization","@id":"https:\/\/elum-energy.com\/es\/#organization","name":"Elum","url":"https:\/\/elum-energy.com\/es\/","logo":{"@type":"ImageObject","inLanguage":"es","@id":"https:\/\/elum-energy.com\/es\/#\/schema\/logo\/image\/","url":"https:\/\/d35i2jmb7zupgz.cloudfront.net\/wp-content\/uploads\/2023\/09\/elum-logo.svg","contentUrl":"https:\/\/d35i2jmb7zupgz.cloudfront.net\/wp-content\/uploads\/2023\/09\/elum-logo.svg","caption":"Elum"},"image":{"@id":"https:\/\/elum-energy.com\/es\/#\/schema\/logo\/image\/"}}]}},"_links":{"self":[{"href":"https:\/\/elum-energy.com\/es\/wp-json\/wp\/v2\/pages\/8754","targetHints":{"allow":["GET"]}}],"collection":[{"href":"https:\/\/elum-energy.com\/es\/wp-json\/wp\/v2\/pages"}],"about":[{"href":"https:\/\/elum-energy.com\/es\/wp-json\/wp\/v2\/types\/page"}],"author":[{"embeddable":true,"href":"https:\/\/elum-energy.com\/es\/wp-json\/wp\/v2\/users\/2"}],"replies":[{"embeddable":true,"href":"https:\/\/elum-energy.com\/es\/wp-json\/wp\/v2\/comments?post=8754"}],"version-history":[{"count":69,"href":"https:\/\/elum-energy.com\/es\/wp-json\/wp\/v2\/pages\/8754\/revisions"}],"predecessor-version":[{"id":30458,"href":"https:\/\/elum-energy.com\/es\/wp-json\/wp\/v2\/pages\/8754\/revisions\/30458"}],"wp:attachment":[{"href":"https:\/\/elum-energy.com\/es\/wp-json\/wp\/v2\/media?parent=8754"}],"curies":[{"name":"wp","href":"https:\/\/api.w.org\/{rel}","templated":true}]}}