{"id":25706,"date":"2025-11-13T11:59:26","date_gmt":"2025-11-13T10:59:26","guid":{"rendered":"https:\/\/elum-energy.com\/?page_id=25706"},"modified":"2026-02-12T12:49:28","modified_gmt":"2026-02-12T11:49:28","slug":"blueprint-list","status":"publish","type":"page","link":"https:\/\/elum-energy.com\/fr\/blueprint-list\/","title":{"rendered":"Blueprint List"},"content":{"rendered":"\t\t<div data-elementor-type=\"wp-page\" data-elementor-id=\"25706\" class=\"elementor elementor-25706 elementor-25509\" data-elementor-post-type=\"page\">\n\t\t\t\t<div class=\"elementor-element elementor-element-30c0fc1 bg_color e-flex e-con-boxed e-con e-parent\" data-id=\"30c0fc1\" data-element_type=\"container\" data-e-type=\"container\" data-settings=\"{&quot;background_background&quot;:&quot;classic&quot;}\">\n\t\t\t\t\t<div class=\"e-con-inner\">\n\t\t<div class=\"elementor-element elementor-element-827350d e-con-full e-flex e-con e-child\" data-id=\"827350d\" data-element_type=\"container\" data-e-type=\"container\">\n\t\t\t\t<div class=\"elementor-element elementor-element-f1a4108 titre_2_center elementor-widget elementor-widget-heading\" data-id=\"f1a4108\" data-element_type=\"widget\" data-e-type=\"widget\" data-widget_type=\"heading.default\">\n\t\t\t\t<div class=\"elementor-widget-container\">\n\t\t\t\t\t<h1 class=\"elementor-heading-title elementor-size-default\">Explorez la biblioth\u00e8que de Blueprints pour les appareils pris en charge<\/h1>\t\t\t\t<\/div>\n\t\t\t\t<\/div>\n\t\t\t\t<div class=\"elementor-element elementor-element-8dda4ff elementor-widget elementor-widget-text-editor\" data-id=\"8dda4ff\" data-element_type=\"widget\" data-e-type=\"widget\" data-widget_type=\"text-editor.default\">\n\t\t\t\t<div class=\"elementor-widget-container\">\n\t\t\t\t\t\t\t\t\t<p style=\"text-align: center;\">Parcourez notre collection de blueprints valid\u00e9s, class\u00e9s par <strong>type d\u2019appareil, fabricant, protocole de communication ou cat\u00e9gorie de dispositif<\/strong>. Chaque blueprint fournit les param\u00e8tres de configuration n\u00e9cessaires pour garantir une int\u00e9gration fluide avec les contr\u00f4leurs Elum.<\/p><p style=\"text-align: center;\">Si un blueprint est manquant, vous pouvez <a href=\"#request\"><strong>soumettre une demande<\/strong><\/a>, et notre \u00e9quipe l\u2019examinera pour une \u00e9ventuelle int\u00e9gration.<\/p>\t\t\t\t\t\t\t\t<\/div>\n\t\t\t\t<\/div>\n\t\t<div class=\"elementor-element elementor-element-5eeda24 e-con-full e-flex e-con e-child\" data-id=\"5eeda24\" data-element_type=\"container\" data-e-type=\"container\">\n\t\t\t\t<div class=\"elementor-element elementor-element-ead9887 btn_color1_noir_v2 elementor-widget elementor-widget-button\" data-id=\"ead9887\" data-element_type=\"widget\" data-e-type=\"widget\" data-widget_type=\"button.default\">\n\t\t\t\t<div class=\"elementor-widget-container\">\n\t\t\t\t\t\t\t\t\t<div class=\"elementor-button-wrapper\">\n\t\t\t\t\t<a class=\"elementor-button elementor-button-link elementor-size-sm\" href=\"https:\/\/elum-energy.com\/fr\/compatibilite\/\">\n\t\t\t\t\t\t<span class=\"elementor-button-content-wrapper\">\n\t\t\t\t\t\t\t\t\t<span class=\"elementor-button-text\">Evaluer la compatibilit\u00e9<\/span>\n\t\t\t\t\t<\/span>\n\t\t\t\t\t<\/a>\n\t\t\t\t<\/div>\n\t\t\t\t\t\t\t\t<\/div>\n\t\t\t\t<\/div>\n\t\t\t\t<div class=\"elementor-element elementor-element-446bcbe btn_color1_noir_v2 elementor-widget elementor-widget-button\" data-id=\"446bcbe\" data-element_type=\"widget\" data-e-type=\"widget\" data-widget_type=\"button.default\">\n\t\t\t\t<div class=\"elementor-widget-container\">\n\t\t\t\t\t\t\t\t\t<div class=\"elementor-button-wrapper\">\n\t\t\t\t\t<a class=\"elementor-button elementor-button-link elementor-size-sm\" href=\"https:\/\/elum-energy.com\/fr\/controleurs-installations-solaires\/\">\n\t\t\t\t\t\t<span class=\"elementor-button-content-wrapper\">\n\t\t\t\t\t\t\t\t\t<span class=\"elementor-button-text\">D\u00c9COUVREZ NOS PRODUITS<\/span>\n\t\t\t\t\t<\/span>\n\t\t\t\t\t<\/a>\n\t\t\t\t<\/div>\n\t\t\t\t\t\t\t\t<\/div>\n\t\t\t\t<\/div>\n\t\t\t\t<\/div>\n\t\t\t\t<\/div>\n\t\t\t\t\t<\/div>\n\t\t\t\t<\/div>\n\t\t<div class=\"elementor-element elementor-element-4b022dc e-flex e-con-boxed e-con e-parent\" data-id=\"4b022dc\" data-element_type=\"container\" data-e-type=\"container\">\n\t\t\t\t\t<div class=\"e-con-inner\">\n\t\t\t\t<div class=\"elementor-element elementor-element-2d06b42 elementor-widget elementor-widget-html\" data-id=\"2d06b42\" data-element_type=\"widget\" data-e-type=\"widget\" data-widget_type=\"html.default\">\n\t\t\t\t<div class=\"elementor-widget-container\">\n\t\t\t\t\t<table id=\"compatibility_table\" class=\"display\" style=\"width:100%\">\n           <thead>\n            <tr>\n                <th>Manufacturer<\/th>\n                <th>Reference<\/th>\n                <th>Communication Protocol<\/th>\n                <th>Device type<\/th>\n                <th>Dependencies<\/th>\n            <\/tr>\n        <\/thead>\n    <\/table>\t\t\t\t<\/div>\n\t\t\t\t<\/div>\n\t\t\t\t<div class=\"elementor-element elementor-element-6b6cf3c elementor-widget elementor-widget-menu-anchor\" data-id=\"6b6cf3c\" data-element_type=\"widget\" data-e-type=\"widget\" data-widget_type=\"menu-anchor.default\">\n\t\t\t\t<div class=\"elementor-widget-container\">\n\t\t\t\t\t\t\t<div class=\"elementor-menu-anchor\" id=\"request\"><\/div>\n\t\t\t\t\t\t<\/div>\n\t\t\t\t<\/div>\n\t\t\t\t\t<\/div>\n\t\t\t\t<\/div>\n\t\t<div class=\"elementor-element elementor-element-e619604 e-flex e-con-boxed e-con e-parent\" data-id=\"e619604\" data-element_type=\"container\" data-e-type=\"container\">\n\t\t\t\t\t<div class=\"e-con-inner\">\n\t\t<div class=\"elementor-element elementor-element-3a81e7a e-con-full img_rad_shadow e-flex e-con e-child\" data-id=\"3a81e7a\" data-element_type=\"container\" data-e-type=\"container\">\n\t\t\t\t<div class=\"elementor-element elementor-element-a3ed60f img_shadow elementor-widget elementor-widget-image\" data-id=\"a3ed60f\" data-element_type=\"widget\" data-e-type=\"widget\" data-widget_type=\"image.default\">\n\t\t\t\t<div class=\"elementor-widget-container\">\n\t\t\t\t\t\t\t\t\t\t\t\t\t\t\t<img fetchpriority=\"high\" decoding=\"async\" width=\"575\" height=\"400\" src=\"https:\/\/d35i2jmb7zupgz.cloudfront.net\/wp-content\/uploads\/2023\/09\/no-reference.jpg\" class=\"attachment-large size-large wp-image-2120\" alt=\"\" srcset=\"https:\/\/d35i2jmb7zupgz.cloudfront.net\/wp-content\/uploads\/2023\/09\/no-reference.jpg 575w, https:\/\/d35i2jmb7zupgz.cloudfront.net\/wp-content\/uploads\/2023\/09\/no-reference-330x230.jpg 330w\" sizes=\"(max-width: 575px) 100vw, 575px\" \/>\t\t\t\t\t\t\t\t\t\t\t\t\t\t\t<\/div>\n\t\t\t\t<\/div>\n\t\t\t\t<\/div>\n\t\t<div class=\"elementor-element elementor-element-190c8b0 e-con-full bloc_gris1 e-flex e-con e-child\" data-id=\"190c8b0\" data-element_type=\"container\" data-e-type=\"container\">\n\t\t\t\t<div class=\"elementor-element elementor-element-96918c5 titre_2_noline elementor-widget__width-initial elementor-widget elementor-widget-heading\" data-id=\"96918c5\" data-element_type=\"widget\" data-e-type=\"widget\" data-widget_type=\"heading.default\">\n\t\t\t\t<div class=\"elementor-widget-container\">\n\t\t\t\t\t<h2 class=\"elementor-heading-title elementor-size-default\">Votre \u00e9quipement n'est pas encore r\u00e9f\u00e9renc\u00e9?<\/h2>\t\t\t\t<\/div>\n\t\t\t\t<\/div>\n\t\t\t\t<div class=\"elementor-element elementor-element-7ea367e elementor-widget elementor-widget-text-editor\" data-id=\"7ea367e\" data-element_type=\"widget\" data-e-type=\"widget\" data-widget_type=\"text-editor.default\">\n\t\t\t\t<div class=\"elementor-widget-container\">\n\t\t\t\t\t\t\t\t\t<p>Envoyez-nous la r\u00e9f\u00e9rence de votre \u00e9quipement et nous serons ravis de vous aider!<\/p>\t\t\t\t\t\t\t\t<\/div>\n\t\t\t\t<\/div>\n\t\t\t\t<div class=\"elementor-element elementor-element-07cac1d btn_noir_border_gris1 elementor-widget elementor-widget-button\" data-id=\"07cac1d\" data-element_type=\"widget\" data-e-type=\"widget\" data-widget_type=\"button.default\">\n\t\t\t\t<div class=\"elementor-widget-container\">\n\t\t\t\t\t\t\t\t\t<div class=\"elementor-button-wrapper\">\n\t\t\t\t\t<a class=\"elementor-button elementor-button-link elementor-size-sm\" href=\"https:\/\/share.hsforms.com\/1b_iMXQG2Tsum5YzlQaqiBw2dcf1\" target=\"_blank\">\n\t\t\t\t\t\t<span class=\"elementor-button-content-wrapper\">\n\t\t\t\t\t\t\t\t\t<span class=\"elementor-button-text\">Ajoutez votre appareil<\/span>\n\t\t\t\t\t<\/span>\n\t\t\t\t\t<\/a>\n\t\t\t\t<\/div>\n\t\t\t\t\t\t\t\t<\/div>\n\t\t\t\t<\/div>\n\t\t\t\t<\/div>\n\t\t\t\t\t<\/div>\n\t\t\t\t<\/div>\n\t\t\t\t<\/div>\n\t\t","protected":false},"excerpt":{"rendered":"<p>Explorez la biblioth\u00e8que de Blueprints pour les appareils pris en charge Parcourez notre collection de blueprints valid\u00e9s, class\u00e9s par type d\u2019appareil, fabricant, protocole de communication ou cat\u00e9gorie de dispositif. Chaque blueprint fournit les param\u00e8tres de configuration n\u00e9cessaires pour garantir une int\u00e9gration fluide avec les contr\u00f4leurs Elum. Si un blueprint est manquant, vous pouvez soumettre une [&hellip;]<\/p>\n","protected":false},"author":10,"featured_media":0,"parent":0,"menu_order":0,"comment_status":"closed","ping_status":"closed","template":"","meta":{"_acf_changed":false,"content-type":"","inline_featured_image":false,"footnotes":""},"class_list":["post-25706","page","type-page","status-publish","hentry"],"acf":[],"yoast_head":"<!-- This site is optimized with the Yoast SEO plugin v27.3 - https:\/\/yoast.com\/product\/yoast-seo-wordpress\/ -->\n<title>Blueprint List - Elum<\/title>\n<meta name=\"description\" content=\"Explorez notre biblioth\u00e8que de plans v\u00e9rifi\u00e9s, class\u00e9s par type d&#039;appareil, fabricant ou protocole, et assurez une int\u00e9gration transparente avec les syst\u00e8mes Elum Energy.\" \/>\n<meta name=\"robots\" content=\"index, follow, max-snippet:-1, max-image-preview:large, max-video-preview:-1\" \/>\n<link rel=\"canonical\" href=\"https:\/\/elum-energy.com\/fr\/blueprint-list\/\" \/>\n<meta property=\"og:locale\" content=\"fr_FR\" \/>\n<meta property=\"og:type\" content=\"article\" \/>\n<meta property=\"og:title\" content=\"Blueprint List - Elum\" \/>\n<meta property=\"og:description\" content=\"Explorez notre biblioth\u00e8que de plans v\u00e9rifi\u00e9s, class\u00e9s par type d&#039;appareil, fabricant ou protocole, et assurez une int\u00e9gration transparente avec les syst\u00e8mes Elum Energy.\" \/>\n<meta property=\"og:url\" content=\"https:\/\/elum-energy.com\/fr\/blueprint-list\/\" \/>\n<meta property=\"og:site_name\" content=\"Elum\" \/>\n<meta property=\"article:modified_time\" content=\"2026-02-12T11:49:28+00:00\" \/>\n<meta property=\"og:image\" content=\"https:\/\/elum-energy.com\/wp-content\/uploads\/2023\/09\/no-reference.jpg\" \/>\n<meta name=\"twitter:card\" content=\"summary_large_image\" \/>\n<meta name=\"twitter:label1\" content=\"Dur\u00e9e de lecture estim\u00e9e\" \/>\n\t<meta name=\"twitter:data1\" content=\"1 minute\" \/>\n<script type=\"application\/ld+json\" class=\"yoast-schema-graph\">{\"@context\":\"https:\\\/\\\/schema.org\",\"@graph\":[{\"@type\":\"WebPage\",\"@id\":\"https:\\\/\\\/elum-energy.com\\\/fr\\\/blueprint-list\\\/\",\"url\":\"https:\\\/\\\/elum-energy.com\\\/fr\\\/blueprint-list\\\/\",\"name\":\"Blueprint List - Elum\",\"isPartOf\":{\"@id\":\"https:\\\/\\\/elum-energy.com\\\/fr\\\/#website\"},\"primaryImageOfPage\":{\"@id\":\"https:\\\/\\\/elum-energy.com\\\/fr\\\/blueprint-list\\\/#primaryimage\"},\"image\":{\"@id\":\"https:\\\/\\\/elum-energy.com\\\/fr\\\/blueprint-list\\\/#primaryimage\"},\"thumbnailUrl\":\"https:\\\/\\\/elum-energy.com\\\/wp-content\\\/uploads\\\/2023\\\/09\\\/no-reference.jpg\",\"datePublished\":\"2025-11-13T10:59:26+00:00\",\"dateModified\":\"2026-02-12T11:49:28+00:00\",\"description\":\"Explorez notre biblioth\u00e8que de plans v\u00e9rifi\u00e9s, class\u00e9s par type d'appareil, fabricant ou protocole, et assurez une int\u00e9gration transparente avec les syst\u00e8mes Elum Energy.\",\"breadcrumb\":{\"@id\":\"https:\\\/\\\/elum-energy.com\\\/fr\\\/blueprint-list\\\/#breadcrumb\"},\"inLanguage\":\"fr-FR\",\"potentialAction\":[{\"@type\":\"ReadAction\",\"target\":[\"https:\\\/\\\/elum-energy.com\\\/fr\\\/blueprint-list\\\/\"]}]},{\"@type\":\"ImageObject\",\"inLanguage\":\"fr-FR\",\"@id\":\"https:\\\/\\\/elum-energy.com\\\/fr\\\/blueprint-list\\\/#primaryimage\",\"url\":\"https:\\\/\\\/elum-energy.com\\\/wp-content\\\/uploads\\\/2023\\\/09\\\/no-reference.jpg\",\"contentUrl\":\"https:\\\/\\\/elum-energy.com\\\/wp-content\\\/uploads\\\/2023\\\/09\\\/no-reference.jpg\"},{\"@type\":\"BreadcrumbList\",\"@id\":\"https:\\\/\\\/elum-energy.com\\\/fr\\\/blueprint-list\\\/#breadcrumb\",\"itemListElement\":[{\"@type\":\"ListItem\",\"position\":1,\"name\":\"Homepage\",\"item\":\"https:\\\/\\\/elum-energy.com\\\/fr\\\/\"},{\"@type\":\"ListItem\",\"position\":2,\"name\":\"Blueprint List\"}]},{\"@type\":\"WebSite\",\"@id\":\"https:\\\/\\\/elum-energy.com\\\/fr\\\/#website\",\"url\":\"https:\\\/\\\/elum-energy.com\\\/fr\\\/\",\"name\":\"Elum\",\"description\":\"Un site utilisant WordPress\",\"publisher\":{\"@id\":\"https:\\\/\\\/elum-energy.com\\\/fr\\\/#organization\"},\"potentialAction\":[{\"@type\":\"SearchAction\",\"target\":{\"@type\":\"EntryPoint\",\"urlTemplate\":\"https:\\\/\\\/elum-energy.com\\\/fr\\\/?s={search_term_string}\"},\"query-input\":{\"@type\":\"PropertyValueSpecification\",\"valueRequired\":true,\"valueName\":\"search_term_string\"}}],\"inLanguage\":\"fr-FR\"},{\"@type\":\"Organization\",\"@id\":\"https:\\\/\\\/elum-energy.com\\\/fr\\\/#organization\",\"name\":\"Elum\",\"url\":\"https:\\\/\\\/elum-energy.com\\\/fr\\\/\",\"logo\":{\"@type\":\"ImageObject\",\"inLanguage\":\"fr-FR\",\"@id\":\"https:\\\/\\\/elum-energy.com\\\/fr\\\/#\\\/schema\\\/logo\\\/image\\\/\",\"url\":\"https:\\\/\\\/d35i2jmb7zupgz.cloudfront.net\\\/wp-content\\\/uploads\\\/2023\\\/09\\\/elum-logo.svg\",\"contentUrl\":\"https:\\\/\\\/d35i2jmb7zupgz.cloudfront.net\\\/wp-content\\\/uploads\\\/2023\\\/09\\\/elum-logo.svg\",\"caption\":\"Elum\"},\"image\":{\"@id\":\"https:\\\/\\\/elum-energy.com\\\/fr\\\/#\\\/schema\\\/logo\\\/image\\\/\"}}]}<\/script>\n<!-- \/ Yoast SEO plugin. -->","yoast_head_json":{"title":"Blueprint List - Elum","description":"Explorez notre biblioth\u00e8que de plans v\u00e9rifi\u00e9s, class\u00e9s par type d'appareil, fabricant ou protocole, et assurez une int\u00e9gration transparente avec les syst\u00e8mes Elum Energy.","robots":{"index":"index","follow":"follow","max-snippet":"max-snippet:-1","max-image-preview":"max-image-preview:large","max-video-preview":"max-video-preview:-1"},"canonical":"https:\/\/elum-energy.com\/fr\/blueprint-list\/","og_locale":"fr_FR","og_type":"article","og_title":"Blueprint List - Elum","og_description":"Explorez notre biblioth\u00e8que de plans v\u00e9rifi\u00e9s, class\u00e9s par type d'appareil, fabricant ou protocole, et assurez une int\u00e9gration transparente avec les syst\u00e8mes Elum Energy.","og_url":"https:\/\/elum-energy.com\/fr\/blueprint-list\/","og_site_name":"Elum","article_modified_time":"2026-02-12T11:49:28+00:00","og_image":[{"url":"https:\/\/elum-energy.com\/wp-content\/uploads\/2023\/09\/no-reference.jpg","type":"","width":"","height":""}],"twitter_card":"summary_large_image","twitter_misc":{"Dur\u00e9e de lecture estim\u00e9e":"1 minute"},"schema":{"@context":"https:\/\/schema.org","@graph":[{"@type":"WebPage","@id":"https:\/\/elum-energy.com\/fr\/blueprint-list\/","url":"https:\/\/elum-energy.com\/fr\/blueprint-list\/","name":"Blueprint List - Elum","isPartOf":{"@id":"https:\/\/elum-energy.com\/fr\/#website"},"primaryImageOfPage":{"@id":"https:\/\/elum-energy.com\/fr\/blueprint-list\/#primaryimage"},"image":{"@id":"https:\/\/elum-energy.com\/fr\/blueprint-list\/#primaryimage"},"thumbnailUrl":"https:\/\/elum-energy.com\/wp-content\/uploads\/2023\/09\/no-reference.jpg","datePublished":"2025-11-13T10:59:26+00:00","dateModified":"2026-02-12T11:49:28+00:00","description":"Explorez notre biblioth\u00e8que de plans v\u00e9rifi\u00e9s, class\u00e9s par type d'appareil, fabricant ou protocole, et assurez une int\u00e9gration transparente avec les syst\u00e8mes Elum Energy.","breadcrumb":{"@id":"https:\/\/elum-energy.com\/fr\/blueprint-list\/#breadcrumb"},"inLanguage":"fr-FR","potentialAction":[{"@type":"ReadAction","target":["https:\/\/elum-energy.com\/fr\/blueprint-list\/"]}]},{"@type":"ImageObject","inLanguage":"fr-FR","@id":"https:\/\/elum-energy.com\/fr\/blueprint-list\/#primaryimage","url":"https:\/\/elum-energy.com\/wp-content\/uploads\/2023\/09\/no-reference.jpg","contentUrl":"https:\/\/elum-energy.com\/wp-content\/uploads\/2023\/09\/no-reference.jpg"},{"@type":"BreadcrumbList","@id":"https:\/\/elum-energy.com\/fr\/blueprint-list\/#breadcrumb","itemListElement":[{"@type":"ListItem","position":1,"name":"Homepage","item":"https:\/\/elum-energy.com\/fr\/"},{"@type":"ListItem","position":2,"name":"Blueprint List"}]},{"@type":"WebSite","@id":"https:\/\/elum-energy.com\/fr\/#website","url":"https:\/\/elum-energy.com\/fr\/","name":"Elum","description":"Un site utilisant WordPress","publisher":{"@id":"https:\/\/elum-energy.com\/fr\/#organization"},"potentialAction":[{"@type":"SearchAction","target":{"@type":"EntryPoint","urlTemplate":"https:\/\/elum-energy.com\/fr\/?s={search_term_string}"},"query-input":{"@type":"PropertyValueSpecification","valueRequired":true,"valueName":"search_term_string"}}],"inLanguage":"fr-FR"},{"@type":"Organization","@id":"https:\/\/elum-energy.com\/fr\/#organization","name":"Elum","url":"https:\/\/elum-energy.com\/fr\/","logo":{"@type":"ImageObject","inLanguage":"fr-FR","@id":"https:\/\/elum-energy.com\/fr\/#\/schema\/logo\/image\/","url":"https:\/\/d35i2jmb7zupgz.cloudfront.net\/wp-content\/uploads\/2023\/09\/elum-logo.svg","contentUrl":"https:\/\/d35i2jmb7zupgz.cloudfront.net\/wp-content\/uploads\/2023\/09\/elum-logo.svg","caption":"Elum"},"image":{"@id":"https:\/\/elum-energy.com\/fr\/#\/schema\/logo\/image\/"}}]}},"_links":{"self":[{"href":"https:\/\/elum-energy.com\/fr\/wp-json\/wp\/v2\/pages\/25706","targetHints":{"allow":["GET"]}}],"collection":[{"href":"https:\/\/elum-energy.com\/fr\/wp-json\/wp\/v2\/pages"}],"about":[{"href":"https:\/\/elum-energy.com\/fr\/wp-json\/wp\/v2\/types\/page"}],"author":[{"embeddable":true,"href":"https:\/\/elum-energy.com\/fr\/wp-json\/wp\/v2\/users\/10"}],"replies":[{"embeddable":true,"href":"https:\/\/elum-energy.com\/fr\/wp-json\/wp\/v2\/comments?post=25706"}],"version-history":[{"count":27,"href":"https:\/\/elum-energy.com\/fr\/wp-json\/wp\/v2\/pages\/25706\/revisions"}],"predecessor-version":[{"id":30455,"href":"https:\/\/elum-energy.com\/fr\/wp-json\/wp\/v2\/pages\/25706\/revisions\/30455"}],"wp:attachment":[{"href":"https:\/\/elum-energy.com\/fr\/wp-json\/wp\/v2\/media?parent=25706"}],"curies":[{"name":"wp","href":"https:\/\/api.w.org\/{rel}","templated":true}]}}