{"id":34,"date":"2018-10-14T09:13:15","date_gmt":"2018-10-14T07:13:15","guid":{"rendered":"https:\/\/elum-energy.com\/?page_id=34"},"modified":"2022-11-21T15:23:14","modified_gmt":"2022-11-21T14:23:14","slug":"plan-du-site","status":"publish","type":"page","link":"https:\/\/elum-energy.com\/fr\/plan-du-site\/","title":{"rendered":"Plan du site"},"content":{"rendered":"\t\t<div data-elementor-type=\"wp-page\" data-elementor-id=\"34\" class=\"elementor elementor-34\" data-elementor-post-type=\"page\">\n\t\t\t\t<div class=\"elementor-element elementor-element-b1b13ca e-flex e-con-boxed e-con e-parent\" data-id=\"b1b13ca\" data-element_type=\"container\" data-e-type=\"container\" id=\"ban_inte\" data-settings=\"{&quot;background_background&quot;:&quot;slideshow&quot;,&quot;background_slideshow_gallery&quot;:[{&quot;id&quot;:67,&quot;url&quot;:&quot;https:\\\/\\\/elum-energy.com\\\/wp-content\\\/uploads\\\/2022\\\/09\\\/abstract-8k-r7-scaled.jpg&quot;}],&quot;background_slideshow_slide_duration&quot;:5000,&quot;background_slideshow_slide_transition&quot;:&quot;fade&quot;,&quot;background_slideshow_transition_duration&quot;:500}\">\n\t\t\t\t\t<div class=\"e-con-inner\">\n\t\t\t\t<div class=\"elementor-element elementor-element-ab458d9 ban_titre elementor-widget elementor-widget-heading\" data-id=\"ab458d9\" data-element_type=\"widget\" data-e-type=\"widget\" data-widget_type=\"heading.default\">\n\t\t\t\t<div class=\"elementor-widget-container\">\n\t\t\t\t\t<h1 class=\"elementor-heading-title elementor-size-default\">Plan du site<\/h1>\t\t\t\t<\/div>\n\t\t\t\t<\/div>\n\t\t\t\t<div class=\"elementor-element elementor-element-175b006 breadcrumbs elementor-widget elementor-widget-breadcrumbs\" data-id=\"175b006\" data-element_type=\"widget\" data-e-type=\"widget\" data-widget_type=\"breadcrumbs.default\">\n\t\t\t\t<div class=\"elementor-widget-container\">\n\t\t\t\t\t<p id=\"breadcrumbs\"><span><span><a href=\"https:\/\/elum-energy.com\/fr\/\">Homepage<\/a><\/span><\/span><\/p>\t\t\t\t<\/div>\n\t\t\t\t<\/div>\n\t\t\t\t\t<\/div>\n\t\t\t\t<\/div>\n\t\t<div class=\"elementor-element elementor-element-f17b51f e-flex e-con-boxed e-con e-parent\" data-id=\"f17b51f\" data-element_type=\"container\" data-e-type=\"container\">\n\t\t\t\t\t<div class=\"e-con-inner\">\n\t\t\t\t<div class=\"elementor-element elementor-element-962f309 elementor-headline--style-rotate elementor-widget elementor-widget-animated-headline\" data-id=\"962f309\" data-element_type=\"widget\" data-e-type=\"widget\" data-settings=\"{&quot;headline_style&quot;:&quot;rotate&quot;,&quot;animation_type&quot;:&quot;clip&quot;,&quot;rotating_text&quot;:&quot;Page\\nArticle\\nCat\\u00e9gorie\\nBonheur&quot;,&quot;loop&quot;:&quot;yes&quot;,&quot;rotate_iteration_delay&quot;:2500}\" data-widget_type=\"animated-headline.default\">\n\t\t\t\t<div class=\"elementor-widget-container\">\n\t\t\t\t\t\t\t<div class=\"elementor-headline elementor-headline-animation-type-clip\">\n\t\t\t\t\t<span class=\"elementor-headline-plain-text elementor-headline-text-wrapper\">Vous devriez trouver ici votre<\/span>\n\t\t\t\t<span class=\"elementor-headline-dynamic-wrapper elementor-headline-text-wrapper\">\n\t\t\t\t\t<span class=\"elementor-headline-dynamic-text elementor-headline-text-active\">\n\t\t\t\tPage\t\t\t<\/span>\n\t\t\t\t\t<span class=\"elementor-headline-dynamic-text\">\n\t\t\t\tArticle\t\t\t<\/span>\n\t\t\t\t\t<span class=\"elementor-headline-dynamic-text\">\n\t\t\t\tCat\u00e9gorie\t\t\t<\/span>\n\t\t\t\t\t<span class=\"elementor-headline-dynamic-text\">\n\t\t\t\tBonheur\t\t\t<\/span>\n\t\t\t\t\t\t<\/span>\n\t\t\t\t<\/div>\n\t\t\t\t\t\t<\/div>\n\t\t\t\t<\/div>\n\t\t\t\t\t<\/div>\n\t\t\t\t<\/div>\n\t\t<div class=\"elementor-element elementor-element-d36318a e-flex e-con-boxed e-con e-parent\" data-id=\"d36318a\" data-element_type=\"container\" data-e-type=\"container\">\n\t\t\t\t\t<div class=\"e-con-inner\">\n\t\t\t\t<div class=\"elementor-element elementor-element-f225e0b elementor-widget elementor-widget-sitemap\" data-id=\"f225e0b\" data-element_type=\"widget\" data-e-type=\"widget\" id=\"plan_du_site\" data-widget_type=\"sitemap.default\">\n\t\t\t\t<div class=\"elementor-widget-container\">\n\t\t\t\t\t<div class=\"elementor-sitemap-wrap\"><div class=\"elementor-sitemap-section\"><h2 class=\"elementor-sitemap-title elementor-sitemap-page-title\">Pages<\/h2><ul class=\"elementor-sitemap-list elementor-sitemap-page-list\"><li class=\"elementor-sitemap-item elementor-sitemap-item-page page_item page-item-25706\"><a href=\"https:\/\/elum-energy.com\/fr\/blueprint-list\/\">Blueprint List<\/a><\/li><li class=\"elementor-sitemap-item elementor-sitemap-item-page page_item page-item-25691\"><a href=\"https:\/\/elum-energy.com\/fr\/askelum\/\">AskElum &#8211; Service client\u00e8le 24\/7<\/a><\/li><li class=\"elementor-sitemap-item elementor-sitemap-item-page page_item page-item-22768\"><a href=\"https:\/\/elum-energy.com\/fr\/partenaires\/\">Partenaires Elum<\/a><\/li><li class=\"elementor-sitemap-item elementor-sitemap-item-page page_item page-item-22344\"><a href=\"https:\/\/elum-energy.com\/fr\/services\/ecare\/\">eCare<\/a><\/li><li class=\"elementor-sitemap-item elementor-sitemap-item-page page_item page-item-22132\"><a href=\"https:\/\/elum-energy.com\/fr\/utility-scale\/\">Utility Scale<\/a><\/li><li class=\"elementor-sitemap-item elementor-sitemap-item-page page_item page-item-16914\"><a href=\"https:\/\/elum-energy.com\/fr\/academy\/\">Elum Academy<\/a><\/li><li class=\"elementor-sitemap-item elementor-sitemap-item-page page_item page-item-8974\"><a href=\"https:\/\/elum-energy.com\/fr\/controleur-stockage-energie\/\">ePowerControl ES \/ ES+<\/a><\/li><li class=\"elementor-sitemap-item elementor-sitemap-item-page page_item page-item-8972\"><a href=\"https:\/\/elum-energy.com\/fr\/controleur-microgrid\/\">ePowerControl MC<\/a><\/li><li class=\"elementor-sitemap-item elementor-sitemap-item-page page_item page-item-8866\"><a href=\"https:\/\/elum-energy.com\/fr\/controleur-groupes-electrogenes\/\">ePowerControl HFS<\/a><\/li><li class=\"elementor-sitemap-item elementor-sitemap-item-page page_item page-item-7295\"><a href=\"https:\/\/elum-energy.com\/fr\/carriere\/\">Carri\u00e8re<\/a><\/li><li class=\"elementor-sitemap-item elementor-sitemap-item-page page_item page-item-9158\"><a href=\"https:\/\/elum-energy.com\/fr\/telechargement\/\">T\u00e9l\u00e9chargements<\/a><\/li><li class=\"elementor-sitemap-item elementor-sitemap-item-page page_item page-item-8732\"><a href=\"https:\/\/elum-energy.com\/fr\/controleur-hybride-pv-diesel\/\">ePowerControl SD<\/a><\/li><li class=\"elementor-sitemap-item elementor-sitemap-item-page page_item page-item-7858\"><a href=\"https:\/\/elum-energy.com\/fr\/controleur-station-recharge-ev\/\">Int\u00e9gration solaire EVC<\/a><\/li><li class=\"elementor-sitemap-item elementor-sitemap-item-page page_item page-item-9389\"><a href=\"https:\/\/elum-energy.com\/fr\/solaire-scada\/\">ePowerSCADA<\/a><\/li><li class=\"elementor-sitemap-item elementor-sitemap-item-page page_item page-item-8206\"><a href=\"https:\/\/elum-energy.com\/fr\/plateforme-hypervision-energie\/\">ePowerMonitor<\/a><\/li><li class=\"elementor-sitemap-item elementor-sitemap-item-page page_item page-item-9373\"><a href=\"https:\/\/elum-energy.com\/fr\/configuration-controleur-solaire\/\">eConf<\/a><\/li><li class=\"elementor-sitemap-item elementor-sitemap-item-page page_item page-item-8773\"><a href=\"https:\/\/elum-energy.com\/fr\/datalogger-solaire\/\">Datalogging<\/a><\/li><li class=\"elementor-sitemap-item elementor-sitemap-item-page page_item page-item-9057\"><a href=\"https:\/\/elum-energy.com\/fr\/controleur-limitation-injection\/\">Limitation d&rsquo;injection<\/a><\/li><li class=\"elementor-sitemap-item elementor-sitemap-item-page page_item page-item-8898\"><a href=\"https:\/\/elum-energy.com\/fr\/batterie-pv-systeme\/\">Int\u00e9gration solaire stockage<\/a><\/li><li class=\"elementor-sitemap-item elementor-sitemap-item-page page_item page-item-8447\"><a href=\"https:\/\/elum-energy.com\/fr\/systeme-hybride-pv-diesel\/\">Int\u00e9gration solaire diesel<\/a><\/li><li class=\"elementor-sitemap-item elementor-sitemap-item-page page_item page-item-7433\"><a href=\"https:\/\/elum-energy.com\/fr\/compatibilite\/\">Compatibilit\u00e9<\/a><\/li><li class=\"elementor-sitemap-item elementor-sitemap-item-page page_item page-item-3032\"><a href=\"https:\/\/elum-energy.com\/fr\/a-propos\/\">A Propos<\/a><\/li><li class=\"elementor-sitemap-item elementor-sitemap-item-page page_item page-item-7109\"><a href=\"https:\/\/elum-energy.com\/fr\/references-fr\/\">R\u00e9f\u00e9rences<\/a><\/li><li class=\"elementor-sitemap-item elementor-sitemap-item-page page_item page-item-9121\"><a href=\"https:\/\/elum-energy.com\/fr\/services\/\">Services<\/a><\/li><li class=\"elementor-sitemap-item elementor-sitemap-item-page page_item page-item-9212\"><a href=\"https:\/\/elum-energy.com\/fr\/systeme-monitoring-solaire\/\">Interfaces<\/a><\/li><li class=\"elementor-sitemap-item elementor-sitemap-item-page page_item page-item-8354\"><a href=\"https:\/\/elum-energy.com\/fr\/controleur-centrale-solaire-au-sol\/\">Contr\u00f4leur PPC<\/a><\/li><li class=\"elementor-sitemap-item elementor-sitemap-item-page page_item page-item-7335\"><a href=\"https:\/\/elum-energy.com\/fr\/ci-solar\/\">C&#038;I \/ Microgrids<\/a><\/li><li class=\"elementor-sitemap-item elementor-sitemap-item-page page_item page-item-8572\"><a href=\"https:\/\/elum-energy.com\/fr\/controleurs-installations-solaires\/\">Produits<\/a><\/li><li class=\"elementor-sitemap-item elementor-sitemap-item-page page_item page-item-34\"><a href=\"https:\/\/elum-energy.com\/fr\/plan-du-site\/\">Plan du site<\/a><\/li><li class=\"elementor-sitemap-item elementor-sitemap-item-page page_item page-item-10\"><a href=\"https:\/\/elum-energy.com\/fr\/contact\/\">Contact<\/a><\/li><li class=\"elementor-sitemap-item elementor-sitemap-item-page page_item page-item-8\"><a href=\"https:\/\/elum-energy.com\/fr\/\">Accueil<\/a><\/li><\/ul><\/div><div class=\"elementor-sitemap-section\"><h2 class=\"elementor-sitemap-title elementor-sitemap-category-title\">Categories<\/h2><ul class=\"elementor-sitemap-list elementor-sitemap-category-list\">\t<li class=\"elementor-sitemap-item elementor-sitemap-item-category cat-item cat-item-150\"><a href=\"https:\/\/elum-energy.com\/fr\/non-classifiee-fr\/\">Non classifi\u00e9(e)<\/a>\n<\/li>\n\t<li class=\"elementor-sitemap-item elementor-sitemap-item-category cat-item cat-item-48\"><a href=\"https:\/\/elum-energy.com\/fr\/blog\/\">Blog<\/a>\n<\/li>\n\t<li class=\"elementor-sitemap-item elementor-sitemap-item-category cat-item cat-item-47\"><a href=\"https:\/\/elum-energy.com\/fr\/articles\/\">Articles<\/a>\n<\/li>\n\t<li class=\"elementor-sitemap-item elementor-sitemap-item-category cat-item cat-item-52\"><a href=\"https:\/\/elum-energy.com\/fr\/blog\/actualites\/\">Actualit\u00e9s<\/a>\n<\/li>\n<\/ul><\/div><div class=\"elementor-sitemap-section\"><h2 class=\"elementor-sitemap-title elementor-sitemap-post-title\">Articles<\/h2><ul class=\"elementor-sitemap-list elementor-sitemap-post-list\"><li class=\"elementor-sitemap-item elementor-sitemap-item-post page_item page-item-9088\"><a href=\"https:\/\/elum-energy.com\/fr\/articles\/peak-shaving-methodes-stockage-reduire-charge\/\">Peak Shaving: m\u00e9thodes de stockage pour r\u00e9duire la charge maximale<\/a><\/li><li class=\"elementor-sitemap-item elementor-sitemap-item-post page_item page-item-7551\"><a href=\"https:\/\/elum-energy.com\/fr\/blog\/limitation-dinjection\/\">Limitation d&rsquo;injection : Quelles solutions ?\u200b<\/a><\/li><li class=\"elementor-sitemap-item elementor-sitemap-item-post page_item page-item-9014\"><a href=\"https:\/\/elum-energy.com\/fr\/articles\/4-raisons-surveiller-votre-production-denergie\/\">4 raisons de surveiller votre production d&rsquo;\u00e9nergie<\/a><\/li><li class=\"elementor-sitemap-item elementor-sitemap-item-post page_item page-item-19756\"><a href=\"https:\/\/elum-energy.com\/fr\/blog\/annonce-investissement-fonds-ile-de-france-decarbonation\/\">Le fonds \u00cele-de-France D\u00e9carbonation investit 3,5 M\u20ac dans Elum Energy<\/a><\/li><li class=\"elementor-sitemap-item elementor-sitemap-item-post page_item page-item-8192\"><a href=\"https:\/\/elum-energy.com\/fr\/articles\/epc-centrale-solaire-batteries\/\">Tout ce qu\u2019un EPC solaire doit savoir sur les batteries<\/a><\/li><li class=\"elementor-sitemap-item elementor-sitemap-item-post page_item page-item-9603\"><a href=\"https:\/\/elum-energy.com\/fr\/blog\/decouvrez-epowermonitor\/\">Explorez ePowerMonitor : plateforme de monitoring pour une performance optimale de vos centrales<\/a><\/li><li class=\"elementor-sitemap-item elementor-sitemap-item-post page_item page-item-9048\"><a href=\"https:\/\/elum-energy.com\/fr\/blog\/avantage-controleur-solaire-diesel-projet-hybride\/\">Quels sont les b\u00e9n\u00e9fices d&rsquo;un contr\u00f4leur PV + diesel pour votre projet solaire hybride ?<\/a><\/li><li class=\"elementor-sitemap-item elementor-sitemap-item-post page_item page-item-8738\"><a href=\"https:\/\/elum-energy.com\/fr\/articles\/systeme-hybride-pv-diesel\/\">Qu&rsquo;est-ce qu&rsquo;un syst\u00e8me hybride PV-diesel ?<\/a><\/li><li class=\"elementor-sitemap-item elementor-sitemap-item-post page_item page-item-8755\"><a href=\"https:\/\/elum-energy.com\/fr\/articles\/solaire-stockage-type-batterie\/\">Solaire+Stockage : Types de batteries pour installations solaires<\/a><\/li><li class=\"elementor-sitemap-item elementor-sitemap-item-post page_item page-item-10052\"><a href=\"https:\/\/elum-energy.com\/fr\/blog\/gerer-micro-reseau-off-grid-batterie\/\">Episode 4 : Syst\u00e8me off-grid + batterie<\/a><\/li><li class=\"elementor-sitemap-item elementor-sitemap-item-post page_item page-item-9618\"><a href=\"https:\/\/elum-energy.com\/fr\/blog\/intersolar-europe-2023\/\">Intersolar Europe 2023<\/a><\/li><li class=\"elementor-sitemap-item elementor-sitemap-item-post page_item page-item-9915\"><a href=\"https:\/\/elum-energy.com\/fr\/blog\/gerer-micro-reseau-pv-stockage-groupe-electrogene\/\">Episode 2 : Syst\u00e8me PV + BESS + groupe \u00e9lectrog\u00e8ne<\/a><\/li><li class=\"elementor-sitemap-item elementor-sitemap-item-post page_item page-item-7459\"><a href=\"https:\/\/elum-energy.com\/fr\/blog\/gerer-microgrid-deplacement-charge\/\">Episode 1 : d\u00e9placement de charges d\u2019un syst\u00e8me reli\u00e9 au r\u00e9seau<\/a><\/li><li class=\"elementor-sitemap-item elementor-sitemap-item-post page_item page-item-11197\"><a href=\"https:\/\/elum-energy.com\/fr\/blog\/controleur-centrales-au-sol-reseau\/\">Contr\u00f4leur pour centrales au sol raccord\u00e9es au r\u00e9seau<\/a><\/li><li class=\"elementor-sitemap-item elementor-sitemap-item-post page_item page-item-8983\"><a href=\"https:\/\/elum-energy.com\/fr\/blog\/presentation-epowercontrol-es\/\">Pr\u00e9sentation d\u2019ePowerControl ES<\/a><\/li><\/ul><\/div><\/div>\t\t\t\t<\/div>\n\t\t\t\t<\/div>\n\t\t\t\t\t<\/div>\n\t\t\t\t<\/div>\n\t\t\t\t<\/div>\n\t\t","protected":false},"excerpt":{"rendered":"<p>Plan du site Vous devriez trouver ici votre Page Article Cat\u00e9gorie Bonheur<\/p>\n","protected":false},"author":2,"featured_media":0,"parent":0,"menu_order":0,"comment_status":"closed","ping_status":"closed","template":"","meta":{"_acf_changed":false,"content-type":"","inline_featured_image":false,"footnotes":""},"class_list":["post-34","page","type-page","status-publish","hentry"],"acf":[],"yoast_head":"<!-- This site is optimized with the Yoast SEO plugin v27.5 - https:\/\/yoast.com\/product\/yoast-seo-wordpress\/ -->\n<title>Plan du site - Elum<\/title>\n<meta name=\"robots\" content=\"index, follow, max-snippet:-1, max-image-preview:large, max-video-preview:-1\" \/>\n<link rel=\"canonical\" href=\"https:\/\/elum-energy.com\/fr\/plan-du-site\/\" \/>\n<meta property=\"og:locale\" content=\"fr_FR\" \/>\n<meta property=\"og:type\" content=\"article\" \/>\n<meta property=\"og:title\" content=\"Plan du site - Elum\" \/>\n<meta property=\"og:description\" content=\"Plan du site Vous devriez trouver ici votre Page Article Cat\u00e9gorie Bonheur\" \/>\n<meta property=\"og:url\" content=\"https:\/\/elum-energy.com\/fr\/plan-du-site\/\" \/>\n<meta property=\"og:site_name\" content=\"Elum\" \/>\n<meta property=\"article:modified_time\" content=\"2022-11-21T14:23:14+00:00\" \/>\n<meta name=\"twitter:card\" content=\"summary_large_image\" \/>\n<meta name=\"twitter:label1\" content=\"Dur\u00e9e de lecture estim\u00e9e\" \/>\n\t<meta name=\"twitter:data1\" content=\"1 minute\" \/>\n<script type=\"application\/ld+json\" class=\"yoast-schema-graph\">{\"@context\":\"https:\\\/\\\/schema.org\",\"@graph\":[{\"@type\":\"WebPage\",\"@id\":\"https:\\\/\\\/elum-energy.com\\\/fr\\\/plan-du-site\\\/\",\"url\":\"https:\\\/\\\/elum-energy.com\\\/fr\\\/plan-du-site\\\/\",\"name\":\"Plan du site - Elum\",\"isPartOf\":{\"@id\":\"https:\\\/\\\/elum-energy.com\\\/fr\\\/#website\"},\"datePublished\":\"2018-10-14T07:13:15+00:00\",\"dateModified\":\"2022-11-21T14:23:14+00:00\",\"breadcrumb\":{\"@id\":\"https:\\\/\\\/elum-energy.com\\\/fr\\\/plan-du-site\\\/#breadcrumb\"},\"inLanguage\":\"fr-FR\",\"potentialAction\":[{\"@type\":\"ReadAction\",\"target\":[\"https:\\\/\\\/elum-energy.com\\\/fr\\\/plan-du-site\\\/\"]}]},{\"@type\":\"BreadcrumbList\",\"@id\":\"https:\\\/\\\/elum-energy.com\\\/fr\\\/plan-du-site\\\/#breadcrumb\",\"itemListElement\":[{\"@type\":\"ListItem\",\"position\":1,\"name\":\"Homepage\",\"item\":\"https:\\\/\\\/elum-energy.com\\\/fr\\\/\"},{\"@type\":\"ListItem\",\"position\":2,\"name\":\"Plan du site\"}]},{\"@type\":\"WebSite\",\"@id\":\"https:\\\/\\\/elum-energy.com\\\/fr\\\/#website\",\"url\":\"https:\\\/\\\/elum-energy.com\\\/fr\\\/\",\"name\":\"Elum\",\"description\":\"Un site utilisant WordPress\",\"publisher\":{\"@id\":\"https:\\\/\\\/elum-energy.com\\\/fr\\\/#organization\"},\"potentialAction\":[{\"@type\":\"SearchAction\",\"target\":{\"@type\":\"EntryPoint\",\"urlTemplate\":\"https:\\\/\\\/elum-energy.com\\\/fr\\\/?s={search_term_string}\"},\"query-input\":{\"@type\":\"PropertyValueSpecification\",\"valueRequired\":true,\"valueName\":\"search_term_string\"}}],\"inLanguage\":\"fr-FR\"},{\"@type\":\"Organization\",\"@id\":\"https:\\\/\\\/elum-energy.com\\\/fr\\\/#organization\",\"name\":\"Elum\",\"url\":\"https:\\\/\\\/elum-energy.com\\\/fr\\\/\",\"logo\":{\"@type\":\"ImageObject\",\"inLanguage\":\"fr-FR\",\"@id\":\"https:\\\/\\\/elum-energy.com\\\/fr\\\/#\\\/schema\\\/logo\\\/image\\\/\",\"url\":\"https:\\\/\\\/d35i2jmb7zupgz.cloudfront.net\\\/wp-content\\\/uploads\\\/2023\\\/09\\\/elum-logo.svg\",\"contentUrl\":\"https:\\\/\\\/d35i2jmb7zupgz.cloudfront.net\\\/wp-content\\\/uploads\\\/2023\\\/09\\\/elum-logo.svg\",\"caption\":\"Elum\"},\"image\":{\"@id\":\"https:\\\/\\\/elum-energy.com\\\/fr\\\/#\\\/schema\\\/logo\\\/image\\\/\"}}]}<\/script>\n<!-- \/ Yoast SEO plugin. -->","yoast_head_json":{"title":"Plan du site - Elum","robots":{"index":"index","follow":"follow","max-snippet":"max-snippet:-1","max-image-preview":"max-image-preview:large","max-video-preview":"max-video-preview:-1"},"canonical":"https:\/\/elum-energy.com\/fr\/plan-du-site\/","og_locale":"fr_FR","og_type":"article","og_title":"Plan du site - Elum","og_description":"Plan du site Vous devriez trouver ici votre Page Article Cat\u00e9gorie Bonheur","og_url":"https:\/\/elum-energy.com\/fr\/plan-du-site\/","og_site_name":"Elum","article_modified_time":"2022-11-21T14:23:14+00:00","twitter_card":"summary_large_image","twitter_misc":{"Dur\u00e9e de lecture estim\u00e9e":"1 minute"},"schema":{"@context":"https:\/\/schema.org","@graph":[{"@type":"WebPage","@id":"https:\/\/elum-energy.com\/fr\/plan-du-site\/","url":"https:\/\/elum-energy.com\/fr\/plan-du-site\/","name":"Plan du site - Elum","isPartOf":{"@id":"https:\/\/elum-energy.com\/fr\/#website"},"datePublished":"2018-10-14T07:13:15+00:00","dateModified":"2022-11-21T14:23:14+00:00","breadcrumb":{"@id":"https:\/\/elum-energy.com\/fr\/plan-du-site\/#breadcrumb"},"inLanguage":"fr-FR","potentialAction":[{"@type":"ReadAction","target":["https:\/\/elum-energy.com\/fr\/plan-du-site\/"]}]},{"@type":"BreadcrumbList","@id":"https:\/\/elum-energy.com\/fr\/plan-du-site\/#breadcrumb","itemListElement":[{"@type":"ListItem","position":1,"name":"Homepage","item":"https:\/\/elum-energy.com\/fr\/"},{"@type":"ListItem","position":2,"name":"Plan du site"}]},{"@type":"WebSite","@id":"https:\/\/elum-energy.com\/fr\/#website","url":"https:\/\/elum-energy.com\/fr\/","name":"Elum","description":"Un site utilisant WordPress","publisher":{"@id":"https:\/\/elum-energy.com\/fr\/#organization"},"potentialAction":[{"@type":"SearchAction","target":{"@type":"EntryPoint","urlTemplate":"https:\/\/elum-energy.com\/fr\/?s={search_term_string}"},"query-input":{"@type":"PropertyValueSpecification","valueRequired":true,"valueName":"search_term_string"}}],"inLanguage":"fr-FR"},{"@type":"Organization","@id":"https:\/\/elum-energy.com\/fr\/#organization","name":"Elum","url":"https:\/\/elum-energy.com\/fr\/","logo":{"@type":"ImageObject","inLanguage":"fr-FR","@id":"https:\/\/elum-energy.com\/fr\/#\/schema\/logo\/image\/","url":"https:\/\/d35i2jmb7zupgz.cloudfront.net\/wp-content\/uploads\/2023\/09\/elum-logo.svg","contentUrl":"https:\/\/d35i2jmb7zupgz.cloudfront.net\/wp-content\/uploads\/2023\/09\/elum-logo.svg","caption":"Elum"},"image":{"@id":"https:\/\/elum-energy.com\/fr\/#\/schema\/logo\/image\/"}}]}},"_links":{"self":[{"href":"https:\/\/elum-energy.com\/fr\/wp-json\/wp\/v2\/pages\/34","targetHints":{"allow":["GET"]}}],"collection":[{"href":"https:\/\/elum-energy.com\/fr\/wp-json\/wp\/v2\/pages"}],"about":[{"href":"https:\/\/elum-energy.com\/fr\/wp-json\/wp\/v2\/types\/page"}],"author":[{"embeddable":true,"href":"https:\/\/elum-energy.com\/fr\/wp-json\/wp\/v2\/users\/2"}],"replies":[{"embeddable":true,"href":"https:\/\/elum-energy.com\/fr\/wp-json\/wp\/v2\/comments?post=34"}],"version-history":[{"count":0,"href":"https:\/\/elum-energy.com\/fr\/wp-json\/wp\/v2\/pages\/34\/revisions"}],"wp:attachment":[{"href":"https:\/\/elum-energy.com\/fr\/wp-json\/wp\/v2\/media?parent=34"}],"curies":[{"name":"wp","href":"https:\/\/api.w.org\/{rel}","templated":true}]}}