{"id":7433,"date":"2023-09-13T14:11:57","date_gmt":"2023-09-13T12:11:57","guid":{"rendered":"https:\/\/elum-energy.com\/compatibility\/"},"modified":"2026-02-12T12:48:35","modified_gmt":"2026-02-12T11:48:35","slug":"compatibilite","status":"publish","type":"page","link":"https:\/\/elum-energy.com\/fr\/compatibilite\/","title":{"rendered":"Compatibilit\u00e9"},"content":{"rendered":"\t\t<div data-elementor-type=\"wp-page\" data-elementor-id=\"7433\" class=\"elementor elementor-7433 elementor-2040\" data-elementor-post-type=\"page\">\n\t\t\t\t<div class=\"elementor-element elementor-element-2cabd8a bg_color e-flex e-con-boxed e-con e-parent\" data-id=\"2cabd8a\" data-element_type=\"container\" data-e-type=\"container\" data-settings=\"{&quot;background_background&quot;:&quot;classic&quot;}\">\n\t\t\t\t\t<div class=\"e-con-inner\">\n\t\t<div class=\"elementor-element elementor-element-714c80e e-con-full e-flex e-con e-child\" data-id=\"714c80e\" data-element_type=\"container\" data-e-type=\"container\">\n\t\t\t\t<div class=\"elementor-element elementor-element-3058a4e titre_2_center elementor-widget elementor-widget-heading\" data-id=\"3058a4e\" data-element_type=\"widget\" data-e-type=\"widget\" data-widget_type=\"heading.default\">\n\t\t\t\t<div class=\"elementor-widget-container\">\n\t\t\t\t\t<h1 class=\"elementor-heading-title elementor-size-default\">V\u00e9rifiez si vos \u00e9quipements sont compatibles avec nos solutions<\/h1>\t\t\t\t<\/div>\n\t\t\t\t<\/div>\n\t\t\t\t<div class=\"elementor-element elementor-element-354acdd elementor-widget elementor-widget-text-editor\" data-id=\"354acdd\" data-element_type=\"widget\" data-e-type=\"widget\" data-widget_type=\"text-editor.default\">\n\t\t\t\t<div class=\"elementor-widget-container\">\n\t\t\t\t\t\t\t\t\t<p style=\"text-align: center;\">Inscrivez dans la barre de recherche <strong>le type d&rsquo;\u00e9quipement<\/strong>, ainsi que son <strong>fabricant<\/strong> ou sa <strong>r\u00e9f\u00e9rence.<\/strong> Cela permet de garantir la compatibilit\u00e9 lors de la conception du syst\u00e8me. Si votre appareil ne figure pas dans la liste, vous pouvez demander \u00e0 ce qu&rsquo;il y soit ajout\u00e9.<\/p>\t\t\t\t\t\t\t\t<\/div>\n\t\t\t\t<\/div>\n\t\t<div class=\"elementor-element elementor-element-81ad612 e-con-full e-flex e-con e-child\" data-id=\"81ad612\" data-element_type=\"container\" data-e-type=\"container\">\n\t\t\t\t<div class=\"elementor-element elementor-element-550c5ed btn_color1_noir_v2 elementor-widget elementor-widget-button\" data-id=\"550c5ed\" data-element_type=\"widget\" data-e-type=\"widget\" data-widget_type=\"button.default\">\n\t\t\t\t<div class=\"elementor-widget-container\">\n\t\t\t\t\t\t\t\t\t<div class=\"elementor-button-wrapper\">\n\t\t\t\t\t<a class=\"elementor-button elementor-button-link elementor-size-sm\" href=\"https:\/\/elum-energy.com\/fr\/blueprint-list\/\">\n\t\t\t\t\t\t<span class=\"elementor-button-content-wrapper\">\n\t\t\t\t\t\t\t\t\t<span class=\"elementor-button-text\">Consulter les Blueprints<\/span>\n\t\t\t\t\t<\/span>\n\t\t\t\t\t<\/a>\n\t\t\t\t<\/div>\n\t\t\t\t\t\t\t\t<\/div>\n\t\t\t\t<\/div>\n\t\t\t\t<div class=\"elementor-element elementor-element-f8d7a05 btn_color1_noir_v2 elementor-widget elementor-widget-button\" data-id=\"f8d7a05\" data-element_type=\"widget\" data-e-type=\"widget\" data-widget_type=\"button.default\">\n\t\t\t\t<div class=\"elementor-widget-container\">\n\t\t\t\t\t\t\t\t\t<div class=\"elementor-button-wrapper\">\n\t\t\t\t\t<a class=\"elementor-button elementor-button-link elementor-size-sm\" href=\"https:\/\/elum-energy.com\/fr\/controleurs-installations-solaires\/\">\n\t\t\t\t\t\t<span class=\"elementor-button-content-wrapper\">\n\t\t\t\t\t\t\t\t\t<span class=\"elementor-button-text\">D\u00c9COUVREZ NOS PRODUITS<\/span>\n\t\t\t\t\t<\/span>\n\t\t\t\t\t<\/a>\n\t\t\t\t<\/div>\n\t\t\t\t\t\t\t\t<\/div>\n\t\t\t\t<\/div>\n\t\t\t\t<\/div>\n\t\t\t\t<\/div>\n\t\t\t\t\t<\/div>\n\t\t\t\t<\/div>\n\t\t<div class=\"elementor-element elementor-element-292475d e-flex e-con-boxed e-con e-parent\" data-id=\"292475d\" data-element_type=\"container\" data-e-type=\"container\">\n\t\t\t\t\t<div class=\"e-con-inner\">\n\t\t\t\t<div class=\"elementor-element elementor-element-105d6f5 elementor-widget elementor-widget-html\" data-id=\"105d6f5\" data-element_type=\"widget\" data-e-type=\"widget\" data-widget_type=\"html.default\">\n\t\t\t\t<div class=\"elementor-widget-container\">\n\t\t\t\t\t<table id=\"compatibility_table\" class=\"display\" style=\"width:100%\">\n           <thead>\n            <tr>\n                <th>TYPE<\/th>\n                <th>FABRICANT<\/th>\n                <th>SERIE<\/th>\n                <th>REFERENCE<\/th>\n                <th>PROTOCOLE<\/th>\n            <\/tr>\n        <\/thead>\n    <\/table>\t\t\t\t<\/div>\n\t\t\t\t<\/div>\n\t\t\t\t<div class=\"elementor-element elementor-element-de1b9a0 elementor-widget elementor-widget-menu-anchor\" data-id=\"de1b9a0\" data-element_type=\"widget\" data-e-type=\"widget\" data-widget_type=\"menu-anchor.default\">\n\t\t\t\t<div class=\"elementor-widget-container\">\n\t\t\t\t\t\t\t<div class=\"elementor-menu-anchor\" id=\"ajoutez-votre-appareil\"><\/div>\n\t\t\t\t\t\t<\/div>\n\t\t\t\t<\/div>\n\t\t\t\t\t<\/div>\n\t\t\t\t<\/div>\n\t\t<div class=\"elementor-element elementor-element-bbf3e8b e-flex e-con-boxed e-con e-parent\" data-id=\"bbf3e8b\" data-element_type=\"container\" data-e-type=\"container\">\n\t\t\t\t\t<div class=\"e-con-inner\">\n\t\t<div class=\"elementor-element elementor-element-0aea709 e-con-full img_rad_shadow e-flex e-con e-child\" data-id=\"0aea709\" data-element_type=\"container\" data-e-type=\"container\">\n\t\t\t\t<div class=\"elementor-element elementor-element-056eeaa img_shadow elementor-widget elementor-widget-image\" data-id=\"056eeaa\" data-element_type=\"widget\" data-e-type=\"widget\" data-widget_type=\"image.default\">\n\t\t\t\t<div class=\"elementor-widget-container\">\n\t\t\t\t\t\t\t\t\t\t\t\t\t\t\t<img fetchpriority=\"high\" decoding=\"async\" width=\"575\" height=\"400\" src=\"https:\/\/d35i2jmb7zupgz.cloudfront.net\/wp-content\/uploads\/2023\/09\/no-reference.jpg\" class=\"attachment-large size-large wp-image-2120\" alt=\"\" srcset=\"https:\/\/d35i2jmb7zupgz.cloudfront.net\/wp-content\/uploads\/2023\/09\/no-reference.jpg 575w, https:\/\/d35i2jmb7zupgz.cloudfront.net\/wp-content\/uploads\/2023\/09\/no-reference-330x230.jpg 330w\" sizes=\"(max-width: 575px) 100vw, 575px\" \/>\t\t\t\t\t\t\t\t\t\t\t\t\t\t\t<\/div>\n\t\t\t\t<\/div>\n\t\t\t\t<\/div>\n\t\t<div class=\"elementor-element elementor-element-b0f5042 e-con-full bloc_gris1 e-flex e-con e-child\" data-id=\"b0f5042\" data-element_type=\"container\" data-e-type=\"container\">\n\t\t\t\t<div class=\"elementor-element elementor-element-43dc689 titre_2_noline elementor-widget elementor-widget-heading\" data-id=\"43dc689\" data-element_type=\"widget\" data-e-type=\"widget\" data-widget_type=\"heading.default\">\n\t\t\t\t<div class=\"elementor-widget-container\">\n\t\t\t\t\t<h2 class=\"elementor-heading-title elementor-size-default\">Votre \u00e9quipement n'est pas encore r\u00e9f\u00e9renc\u00e9 ? <\/h2>\t\t\t\t<\/div>\n\t\t\t\t<\/div>\n\t\t\t\t<div class=\"elementor-element elementor-element-c118873 elementor-widget elementor-widget-text-editor\" data-id=\"c118873\" data-element_type=\"widget\" data-e-type=\"widget\" data-widget_type=\"text-editor.default\">\n\t\t\t\t<div class=\"elementor-widget-container\">\n\t\t\t\t\t\t\t\t\tEnvoyez-nous la r\u00e9f\u00e9rence de votre \u00e9quipement et nous serons ravis de vous aider !\n\t\t\t\t\t\t\t\t<\/div>\n\t\t\t\t<\/div>\n\t\t\t\t<div class=\"elementor-element elementor-element-d78b16a btn_noir_border_gris1 elementor-widget elementor-widget-button\" data-id=\"d78b16a\" data-element_type=\"widget\" data-e-type=\"widget\" data-widget_type=\"button.default\">\n\t\t\t\t<div class=\"elementor-widget-container\">\n\t\t\t\t\t\t\t\t\t<div class=\"elementor-button-wrapper\">\n\t\t\t\t\t<a class=\"elementor-button elementor-button-link elementor-size-sm\" href=\"https:\/\/share.hsforms.com\/1DsfAzkjdR5a660MNxnw_xg2dcf1\" target=\"_blank\">\n\t\t\t\t\t\t<span class=\"elementor-button-content-wrapper\">\n\t\t\t\t\t\t\t\t\t<span class=\"elementor-button-text\">Ajouter ma r\u00e9f\u00e9rence<\/span>\n\t\t\t\t\t<\/span>\n\t\t\t\t\t<\/a>\n\t\t\t\t<\/div>\n\t\t\t\t\t\t\t\t<\/div>\n\t\t\t\t<\/div>\n\t\t\t\t<\/div>\n\t\t\t\t\t<\/div>\n\t\t\t\t<\/div>\n\t\t<div class=\"elementor-element elementor-element-4e488b04 e-flex e-con-boxed e-con e-parent\" data-id=\"4e488b04\" data-element_type=\"container\" data-e-type=\"container\">\n\t\t\t\t\t<div class=\"e-con-inner\">\n\t\t<div class=\"elementor-element elementor-element-1f6288b5 bg_color1 e-con-full e-flex e-con e-child\" data-id=\"1f6288b5\" data-element_type=\"container\" data-e-type=\"container\" data-settings=\"{&quot;background_background&quot;:&quot;classic&quot;}\">\n\t\t\t\t<div class=\"elementor-element elementor-element-62c37955 titre_3_v2 elementor-widget elementor-widget-heading\" data-id=\"62c37955\" data-element_type=\"widget\" data-e-type=\"widget\" data-widget_type=\"heading.default\">\n\t\t\t\t<div class=\"elementor-widget-container\">\n\t\t\t\t\t<div class=\"elementor-heading-title elementor-size-default\">Pr\u00eat \u00e0 choisir une <span>solution de contr\u00f4le<\/span> pour votre installation ? <\/div>\t\t\t\t<\/div>\n\t\t\t\t<\/div>\n\t\t\t\t<\/div>\n\t\t<div class=\"elementor-element elementor-element-339bc43 bg_color1 e-con-full e-flex e-con e-child\" data-id=\"339bc43\" data-element_type=\"container\" data-e-type=\"container\" data-settings=\"{&quot;background_background&quot;:&quot;classic&quot;}\">\n\t\t\t\t<div class=\"elementor-element elementor-element-2e5c315a btn_noir_border_blanc elementor-widget elementor-widget-button\" data-id=\"2e5c315a\" data-element_type=\"widget\" data-e-type=\"widget\" data-widget_type=\"button.default\">\n\t\t\t\t<div class=\"elementor-widget-container\">\n\t\t\t\t\t\t\t\t\t<div class=\"elementor-button-wrapper\">\n\t\t\t\t\t<a class=\"elementor-button elementor-button-link elementor-size-sm\" href=\"https:\/\/elum-energy.com\/fr\/contact\/\">\n\t\t\t\t\t\t<span class=\"elementor-button-content-wrapper\">\n\t\t\t\t\t\t\t\t\t<span class=\"elementor-button-text\">Contactez nous<\/span>\n\t\t\t\t\t<\/span>\n\t\t\t\t\t<\/a>\n\t\t\t\t<\/div>\n\t\t\t\t\t\t\t\t<\/div>\n\t\t\t\t<\/div>\n\t\t\t\t<\/div>\n\t\t\t\t\t<\/div>\n\t\t\t\t<\/div>\n\t\t\t\t<\/div>\n\t\t","protected":false},"excerpt":{"rendered":"<p>V\u00e9rifiez si vos \u00e9quipements sont compatibles avec nos solutions Inscrivez dans la barre de recherche le type d&rsquo;\u00e9quipement, ainsi que son fabricant ou sa r\u00e9f\u00e9rence. Cela permet de garantir la compatibilit\u00e9 lors de la conception du syst\u00e8me. Si votre appareil ne figure pas dans la liste, vous pouvez demander \u00e0 ce qu&rsquo;il y soit ajout\u00e9. [&hellip;]<\/p>\n","protected":false},"author":2,"featured_media":0,"parent":0,"menu_order":0,"comment_status":"closed","ping_status":"closed","template":"","meta":{"_acf_changed":false,"content-type":"","inline_featured_image":false,"footnotes":""},"class_list":["post-7433","page","type-page","status-publish","hentry"],"acf":[],"yoast_head":"<!-- This site is optimized with the Yoast SEO plugin v27.3 - https:\/\/yoast.com\/product\/yoast-seo-wordpress\/ -->\n<title>Compatibilit\u00e9 - Elum<\/title>\n<meta name=\"robots\" content=\"index, follow, max-snippet:-1, max-image-preview:large, max-video-preview:-1\" \/>\n<link rel=\"canonical\" href=\"https:\/\/elum-energy.com\/fr\/compatibilite\/\" \/>\n<meta property=\"og:locale\" content=\"fr_FR\" \/>\n<meta property=\"og:type\" content=\"article\" \/>\n<meta property=\"og:title\" content=\"Compatibilit\u00e9 - Elum\" \/>\n<meta property=\"og:description\" content=\"V\u00e9rifiez si vos \u00e9quipements sont compatibles avec nos solutions Inscrivez dans la barre de recherche le type d&rsquo;\u00e9quipement, ainsi que son fabricant ou sa r\u00e9f\u00e9rence. Cela permet de garantir la compatibilit\u00e9 lors de la conception du syst\u00e8me. Si votre appareil ne figure pas dans la liste, vous pouvez demander \u00e0 ce qu&rsquo;il y soit ajout\u00e9. [&hellip;]\" \/>\n<meta property=\"og:url\" content=\"https:\/\/elum-energy.com\/fr\/compatibilite\/\" \/>\n<meta property=\"og:site_name\" content=\"Elum\" \/>\n<meta property=\"article:modified_time\" content=\"2026-02-12T11:48:35+00:00\" \/>\n<meta property=\"og:image\" content=\"https:\/\/elum-energy.com\/wp-content\/uploads\/2023\/09\/no-reference.jpg\" \/>\n<meta name=\"twitter:card\" content=\"summary_large_image\" \/>\n<meta name=\"twitter:label1\" content=\"Dur\u00e9e de lecture estim\u00e9e\" \/>\n\t<meta name=\"twitter:data1\" content=\"1 minute\" \/>\n<script type=\"application\/ld+json\" class=\"yoast-schema-graph\">{\"@context\":\"https:\\\/\\\/schema.org\",\"@graph\":[{\"@type\":\"WebPage\",\"@id\":\"https:\\\/\\\/elum-energy.com\\\/fr\\\/compatibilite\\\/\",\"url\":\"https:\\\/\\\/elum-energy.com\\\/fr\\\/compatibilite\\\/\",\"name\":\"Compatibilit\u00e9 - Elum\",\"isPartOf\":{\"@id\":\"https:\\\/\\\/elum-energy.com\\\/fr\\\/#website\"},\"primaryImageOfPage\":{\"@id\":\"https:\\\/\\\/elum-energy.com\\\/fr\\\/compatibilite\\\/#primaryimage\"},\"image\":{\"@id\":\"https:\\\/\\\/elum-energy.com\\\/fr\\\/compatibilite\\\/#primaryimage\"},\"thumbnailUrl\":\"https:\\\/\\\/elum-energy.com\\\/wp-content\\\/uploads\\\/2023\\\/09\\\/no-reference.jpg\",\"datePublished\":\"2023-09-13T12:11:57+00:00\",\"dateModified\":\"2026-02-12T11:48:35+00:00\",\"breadcrumb\":{\"@id\":\"https:\\\/\\\/elum-energy.com\\\/fr\\\/compatibilite\\\/#breadcrumb\"},\"inLanguage\":\"fr-FR\",\"potentialAction\":[{\"@type\":\"ReadAction\",\"target\":[\"https:\\\/\\\/elum-energy.com\\\/fr\\\/compatibilite\\\/\"]}]},{\"@type\":\"ImageObject\",\"inLanguage\":\"fr-FR\",\"@id\":\"https:\\\/\\\/elum-energy.com\\\/fr\\\/compatibilite\\\/#primaryimage\",\"url\":\"https:\\\/\\\/elum-energy.com\\\/wp-content\\\/uploads\\\/2023\\\/09\\\/no-reference.jpg\",\"contentUrl\":\"https:\\\/\\\/elum-energy.com\\\/wp-content\\\/uploads\\\/2023\\\/09\\\/no-reference.jpg\"},{\"@type\":\"BreadcrumbList\",\"@id\":\"https:\\\/\\\/elum-energy.com\\\/fr\\\/compatibilite\\\/#breadcrumb\",\"itemListElement\":[{\"@type\":\"ListItem\",\"position\":1,\"name\":\"Homepage\",\"item\":\"https:\\\/\\\/elum-energy.com\\\/fr\\\/\"},{\"@type\":\"ListItem\",\"position\":2,\"name\":\"Compatibilit\u00e9\"}]},{\"@type\":\"WebSite\",\"@id\":\"https:\\\/\\\/elum-energy.com\\\/fr\\\/#website\",\"url\":\"https:\\\/\\\/elum-energy.com\\\/fr\\\/\",\"name\":\"Elum\",\"description\":\"Un site utilisant WordPress\",\"publisher\":{\"@id\":\"https:\\\/\\\/elum-energy.com\\\/fr\\\/#organization\"},\"potentialAction\":[{\"@type\":\"SearchAction\",\"target\":{\"@type\":\"EntryPoint\",\"urlTemplate\":\"https:\\\/\\\/elum-energy.com\\\/fr\\\/?s={search_term_string}\"},\"query-input\":{\"@type\":\"PropertyValueSpecification\",\"valueRequired\":true,\"valueName\":\"search_term_string\"}}],\"inLanguage\":\"fr-FR\"},{\"@type\":\"Organization\",\"@id\":\"https:\\\/\\\/elum-energy.com\\\/fr\\\/#organization\",\"name\":\"Elum\",\"url\":\"https:\\\/\\\/elum-energy.com\\\/fr\\\/\",\"logo\":{\"@type\":\"ImageObject\",\"inLanguage\":\"fr-FR\",\"@id\":\"https:\\\/\\\/elum-energy.com\\\/fr\\\/#\\\/schema\\\/logo\\\/image\\\/\",\"url\":\"https:\\\/\\\/d35i2jmb7zupgz.cloudfront.net\\\/wp-content\\\/uploads\\\/2023\\\/09\\\/elum-logo.svg\",\"contentUrl\":\"https:\\\/\\\/d35i2jmb7zupgz.cloudfront.net\\\/wp-content\\\/uploads\\\/2023\\\/09\\\/elum-logo.svg\",\"caption\":\"Elum\"},\"image\":{\"@id\":\"https:\\\/\\\/elum-energy.com\\\/fr\\\/#\\\/schema\\\/logo\\\/image\\\/\"}}]}<\/script>\n<!-- \/ Yoast SEO plugin. -->","yoast_head_json":{"title":"Compatibilit\u00e9 - Elum","robots":{"index":"index","follow":"follow","max-snippet":"max-snippet:-1","max-image-preview":"max-image-preview:large","max-video-preview":"max-video-preview:-1"},"canonical":"https:\/\/elum-energy.com\/fr\/compatibilite\/","og_locale":"fr_FR","og_type":"article","og_title":"Compatibilit\u00e9 - Elum","og_description":"V\u00e9rifiez si vos \u00e9quipements sont compatibles avec nos solutions Inscrivez dans la barre de recherche le type d&rsquo;\u00e9quipement, ainsi que son fabricant ou sa r\u00e9f\u00e9rence. Cela permet de garantir la compatibilit\u00e9 lors de la conception du syst\u00e8me. Si votre appareil ne figure pas dans la liste, vous pouvez demander \u00e0 ce qu&rsquo;il y soit ajout\u00e9. [&hellip;]","og_url":"https:\/\/elum-energy.com\/fr\/compatibilite\/","og_site_name":"Elum","article_modified_time":"2026-02-12T11:48:35+00:00","og_image":[{"url":"https:\/\/elum-energy.com\/wp-content\/uploads\/2023\/09\/no-reference.jpg","type":"","width":"","height":""}],"twitter_card":"summary_large_image","twitter_misc":{"Dur\u00e9e de lecture estim\u00e9e":"1 minute"},"schema":{"@context":"https:\/\/schema.org","@graph":[{"@type":"WebPage","@id":"https:\/\/elum-energy.com\/fr\/compatibilite\/","url":"https:\/\/elum-energy.com\/fr\/compatibilite\/","name":"Compatibilit\u00e9 - Elum","isPartOf":{"@id":"https:\/\/elum-energy.com\/fr\/#website"},"primaryImageOfPage":{"@id":"https:\/\/elum-energy.com\/fr\/compatibilite\/#primaryimage"},"image":{"@id":"https:\/\/elum-energy.com\/fr\/compatibilite\/#primaryimage"},"thumbnailUrl":"https:\/\/elum-energy.com\/wp-content\/uploads\/2023\/09\/no-reference.jpg","datePublished":"2023-09-13T12:11:57+00:00","dateModified":"2026-02-12T11:48:35+00:00","breadcrumb":{"@id":"https:\/\/elum-energy.com\/fr\/compatibilite\/#breadcrumb"},"inLanguage":"fr-FR","potentialAction":[{"@type":"ReadAction","target":["https:\/\/elum-energy.com\/fr\/compatibilite\/"]}]},{"@type":"ImageObject","inLanguage":"fr-FR","@id":"https:\/\/elum-energy.com\/fr\/compatibilite\/#primaryimage","url":"https:\/\/elum-energy.com\/wp-content\/uploads\/2023\/09\/no-reference.jpg","contentUrl":"https:\/\/elum-energy.com\/wp-content\/uploads\/2023\/09\/no-reference.jpg"},{"@type":"BreadcrumbList","@id":"https:\/\/elum-energy.com\/fr\/compatibilite\/#breadcrumb","itemListElement":[{"@type":"ListItem","position":1,"name":"Homepage","item":"https:\/\/elum-energy.com\/fr\/"},{"@type":"ListItem","position":2,"name":"Compatibilit\u00e9"}]},{"@type":"WebSite","@id":"https:\/\/elum-energy.com\/fr\/#website","url":"https:\/\/elum-energy.com\/fr\/","name":"Elum","description":"Un site utilisant WordPress","publisher":{"@id":"https:\/\/elum-energy.com\/fr\/#organization"},"potentialAction":[{"@type":"SearchAction","target":{"@type":"EntryPoint","urlTemplate":"https:\/\/elum-energy.com\/fr\/?s={search_term_string}"},"query-input":{"@type":"PropertyValueSpecification","valueRequired":true,"valueName":"search_term_string"}}],"inLanguage":"fr-FR"},{"@type":"Organization","@id":"https:\/\/elum-energy.com\/fr\/#organization","name":"Elum","url":"https:\/\/elum-energy.com\/fr\/","logo":{"@type":"ImageObject","inLanguage":"fr-FR","@id":"https:\/\/elum-energy.com\/fr\/#\/schema\/logo\/image\/","url":"https:\/\/d35i2jmb7zupgz.cloudfront.net\/wp-content\/uploads\/2023\/09\/elum-logo.svg","contentUrl":"https:\/\/d35i2jmb7zupgz.cloudfront.net\/wp-content\/uploads\/2023\/09\/elum-logo.svg","caption":"Elum"},"image":{"@id":"https:\/\/elum-energy.com\/fr\/#\/schema\/logo\/image\/"}}]}},"_links":{"self":[{"href":"https:\/\/elum-energy.com\/fr\/wp-json\/wp\/v2\/pages\/7433","targetHints":{"allow":["GET"]}}],"collection":[{"href":"https:\/\/elum-energy.com\/fr\/wp-json\/wp\/v2\/pages"}],"about":[{"href":"https:\/\/elum-energy.com\/fr\/wp-json\/wp\/v2\/types\/page"}],"author":[{"embeddable":true,"href":"https:\/\/elum-energy.com\/fr\/wp-json\/wp\/v2\/users\/2"}],"replies":[{"embeddable":true,"href":"https:\/\/elum-energy.com\/fr\/wp-json\/wp\/v2\/comments?post=7433"}],"version-history":[{"count":37,"href":"https:\/\/elum-energy.com\/fr\/wp-json\/wp\/v2\/pages\/7433\/revisions"}],"predecessor-version":[{"id":30452,"href":"https:\/\/elum-energy.com\/fr\/wp-json\/wp\/v2\/pages\/7433\/revisions\/30452"}],"wp:attachment":[{"href":"https:\/\/elum-energy.com\/fr\/wp-json\/wp\/v2\/media?parent=7433"}],"curies":[{"name":"wp","href":"https:\/\/api.w.org\/{rel}","templated":true}]}}